{"id":627,"date":"2021-05-23T11:37:26","date_gmt":"2021-05-23T09:37:26","guid":{"rendered":"http:\/\/pascalnoppe.com\/?post_type=product&#038;p=627"},"modified":"2021-05-23T11:37:38","modified_gmt":"2021-05-23T09:37:38","slug":"macaron-tiramisu","status":"publish","type":"product","link":"https:\/\/pascalnoppe.com\/index.php\/produit\/macaron-tiramisu\/","title":{"rendered":"Macaron tiramisu"},"content":{"rendered":"<p>biscuit macaron au chocolat et biscuit macaron au caf\u00e9, cr\u00e8me de mascarpone \u00e0 l&rsquo;amaretto.<\/p>\n","protected":false},"excerpt":{"rendered":"<p>biscuit macaron au chocolat et biscuit macaron au caf\u00e9, cr\u00e8me de mascarpone \u00e0 l&rsquo;amaretto.<\/p>\n","protected":false},"featured_media":657,"template":"","meta":[],"product_cat":[17,18],"product_tag":[],"_links":{"self":[{"href":"https:\/\/pascalnoppe.com\/index.php\/wp-json\/wp\/v2\/product\/627"}],"collection":[{"href":"https:\/\/pascalnoppe.com\/index.php\/wp-json\/wp\/v2\/product"}],"about":[{"href":"https:\/\/pascalnoppe.com\/index.php\/wp-json\/wp\/v2\/types\/product"}],"version-history":[{"count":0,"href":"https:\/\/pascalnoppe.com\/index.php\/wp-json\/wp\/v2\/product\/627\/revisions"}],"wp:featuredmedia":[{"embeddable":true,"href":"https:\/\/pascalnoppe.com\/index.php\/wp-json\/wp\/v2\/media\/657"}],"wp:attachment":[{"href":"https:\/\/pascalnoppe.com\/index.php\/wp-json\/wp\/v2\/media?parent=627"}],"wp:term":[{"taxonomy":"product_cat","embeddable":true,"href":"https:\/\/pascalnoppe.com\/index.php\/wp-json\/wp\/v2\/product_cat?post=627"},{"taxonomy":"product_tag","embeddable":true,"href":"https:\/\/pascalnoppe.com\/index.php\/wp-json\/wp\/v2\/product_tag?post=627"}],"curies":[{"name":"wp","href":"https:\/\/api.w.org\/{rel}","templated":true}]}}