{"id":626,"date":"2021-05-23T11:37:26","date_gmt":"2021-05-23T09:37:26","guid":{"rendered":"http:\/\/pascalnoppe.com\/?post_type=product&#038;p=626"},"modified":"2021-05-23T11:37:37","modified_gmt":"2021-05-23T09:37:37","slug":"macaron-a-labricot","status":"publish","type":"product","link":"https:\/\/pascalnoppe.com\/index.php\/produit\/macaron-a-labricot\/","title":{"rendered":"Macaron \u00e0 l&rsquo;abricot"},"content":{"rendered":"<p>biscuit macaron, ganache chocolat blanc \u00e0 la pur\u00e9e d&rsquo;abricot et amande, avec de la liqueur d&rsquo;abricot.<\/p>\n","protected":false},"excerpt":{"rendered":"<p>biscuit macaron, ganache chocolat blanc \u00e0 la pur\u00e9e d&rsquo;abricot et amande, avec de la liqueur d&rsquo;abricot.<\/p>\n","protected":false},"featured_media":656,"template":"","meta":[],"product_cat":[17,18],"product_tag":[],"_links":{"self":[{"href":"https:\/\/pascalnoppe.com\/index.php\/wp-json\/wp\/v2\/product\/626"}],"collection":[{"href":"https:\/\/pascalnoppe.com\/index.php\/wp-json\/wp\/v2\/product"}],"about":[{"href":"https:\/\/pascalnoppe.com\/index.php\/wp-json\/wp\/v2\/types\/product"}],"version-history":[{"count":0,"href":"https:\/\/pascalnoppe.com\/index.php\/wp-json\/wp\/v2\/product\/626\/revisions"}],"wp:featuredmedia":[{"embeddable":true,"href":"https:\/\/pascalnoppe.com\/index.php\/wp-json\/wp\/v2\/media\/656"}],"wp:attachment":[{"href":"https:\/\/pascalnoppe.com\/index.php\/wp-json\/wp\/v2\/media?parent=626"}],"wp:term":[{"taxonomy":"product_cat","embeddable":true,"href":"https:\/\/pascalnoppe.com\/index.php\/wp-json\/wp\/v2\/product_cat?post=626"},{"taxonomy":"product_tag","embeddable":true,"href":"https:\/\/pascalnoppe.com\/index.php\/wp-json\/wp\/v2\/product_tag?post=626"}],"curies":[{"name":"wp","href":"https:\/\/api.w.org\/{rel}","templated":true}]}}