{"id":618,"date":"2021-05-23T11:37:26","date_gmt":"2021-05-23T09:37:26","guid":{"rendered":"http:\/\/pascalnoppe.com\/?post_type=product&#038;p=618"},"modified":"2021-05-23T11:37:34","modified_gmt":"2021-05-23T09:37:34","slug":"le-mac-megalo","status":"publish","type":"product","link":"https:\/\/pascalnoppe.com\/index.php\/produit\/le-mac-megalo\/","title":{"rendered":"Le Mac M\u00e9galo"},"content":{"rendered":"<p>biscuit macaron, cr\u00e8me de citron , croquant de feuilletine au pralin\u00e9 amande, quelques d\u00e9bris de feuilletine sur le-dessus de la coque.<\/p>\n","protected":false},"excerpt":{"rendered":"<p>biscuit macaron, cr\u00e8me de citron , croquant de feuilletine au pralin\u00e9 amande, quelques d\u00e9bris de feuilletine sur le-dessus de la coque.<\/p>\n","protected":false},"featured_media":648,"template":"","meta":[],"product_cat":[17,18],"product_tag":[],"_links":{"self":[{"href":"https:\/\/pascalnoppe.com\/index.php\/wp-json\/wp\/v2\/product\/618"}],"collection":[{"href":"https:\/\/pascalnoppe.com\/index.php\/wp-json\/wp\/v2\/product"}],"about":[{"href":"https:\/\/pascalnoppe.com\/index.php\/wp-json\/wp\/v2\/types\/product"}],"version-history":[{"count":0,"href":"https:\/\/pascalnoppe.com\/index.php\/wp-json\/wp\/v2\/product\/618\/revisions"}],"wp:featuredmedia":[{"embeddable":true,"href":"https:\/\/pascalnoppe.com\/index.php\/wp-json\/wp\/v2\/media\/648"}],"wp:attachment":[{"href":"https:\/\/pascalnoppe.com\/index.php\/wp-json\/wp\/v2\/media?parent=618"}],"wp:term":[{"taxonomy":"product_cat","embeddable":true,"href":"https:\/\/pascalnoppe.com\/index.php\/wp-json\/wp\/v2\/product_cat?post=618"},{"taxonomy":"product_tag","embeddable":true,"href":"https:\/\/pascalnoppe.com\/index.php\/wp-json\/wp\/v2\/product_tag?post=618"}],"curies":[{"name":"wp","href":"https:\/\/api.w.org\/{rel}","templated":true}]}}