{"id":614,"date":"2021-05-23T11:37:25","date_gmt":"2021-05-23T09:37:25","guid":{"rendered":"http:\/\/pascalnoppe.com\/?post_type=product&#038;p=614"},"modified":"2021-05-23T11:37:32","modified_gmt":"2021-05-23T09:37:32","slug":"le-mac-tagada","status":"publish","type":"product","link":"https:\/\/pascalnoppe.com\/index.php\/produit\/le-mac-tagada\/","title":{"rendered":"Le Mac tagada"},"content":{"rendered":"<p>biscuit macaron, cr\u00e8me \u00e0 la fraise tagada, les d\u00e9lices de notre enfance, un moment inoubliable.<\/p>\n","protected":false},"excerpt":{"rendered":"<p>biscuit macaron, cr\u00e8me \u00e0 la fraise tagada, les d\u00e9lices de notre enfance, un moment inoubliable.<\/p>\n","protected":false},"featured_media":644,"template":"","meta":[],"product_cat":[17,18],"product_tag":[],"_links":{"self":[{"href":"https:\/\/pascalnoppe.com\/index.php\/wp-json\/wp\/v2\/product\/614"}],"collection":[{"href":"https:\/\/pascalnoppe.com\/index.php\/wp-json\/wp\/v2\/product"}],"about":[{"href":"https:\/\/pascalnoppe.com\/index.php\/wp-json\/wp\/v2\/types\/product"}],"version-history":[{"count":0,"href":"https:\/\/pascalnoppe.com\/index.php\/wp-json\/wp\/v2\/product\/614\/revisions"}],"wp:featuredmedia":[{"embeddable":true,"href":"https:\/\/pascalnoppe.com\/index.php\/wp-json\/wp\/v2\/media\/644"}],"wp:attachment":[{"href":"https:\/\/pascalnoppe.com\/index.php\/wp-json\/wp\/v2\/media?parent=614"}],"wp:term":[{"taxonomy":"product_cat","embeddable":true,"href":"https:\/\/pascalnoppe.com\/index.php\/wp-json\/wp\/v2\/product_cat?post=614"},{"taxonomy":"product_tag","embeddable":true,"href":"https:\/\/pascalnoppe.com\/index.php\/wp-json\/wp\/v2\/product_tag?post=614"}],"curies":[{"name":"wp","href":"https:\/\/api.w.org\/{rel}","templated":true}]}}