{"id":613,"date":"2021-05-23T11:37:25","date_gmt":"2021-05-23T09:37:25","guid":{"rendered":"http:\/\/pascalnoppe.com\/?post_type=product&#038;p=613"},"modified":"2021-05-23T11:37:32","modified_gmt":"2021-05-23T09:37:32","slug":"macaron-creme-cheese","status":"publish","type":"product","link":"https:\/\/pascalnoppe.com\/index.php\/produit\/macaron-creme-cheese\/","title":{"rendered":"Macaron cr\u00e8me cheese"},"content":{"rendered":"<p>biscuit macaron, cr\u00e8me cheese l\u00e9g\u00e8rement parfum\u00e9 citron , comme un cheese cake am\u00e9ricain, quelques graines de pavot sur le-dessus de la coque.<\/p>\n","protected":false},"excerpt":{"rendered":"<p>biscuit macaron, cr\u00e8me cheese l\u00e9g\u00e8rement parfum\u00e9 citron , comme un cheese cake am\u00e9ricain, quelques graines de pavot sur le-dessus de la coque.<\/p>\n","protected":false},"featured_media":643,"template":"","meta":[],"product_cat":[17,18],"product_tag":[],"_links":{"self":[{"href":"https:\/\/pascalnoppe.com\/index.php\/wp-json\/wp\/v2\/product\/613"}],"collection":[{"href":"https:\/\/pascalnoppe.com\/index.php\/wp-json\/wp\/v2\/product"}],"about":[{"href":"https:\/\/pascalnoppe.com\/index.php\/wp-json\/wp\/v2\/types\/product"}],"version-history":[{"count":0,"href":"https:\/\/pascalnoppe.com\/index.php\/wp-json\/wp\/v2\/product\/613\/revisions"}],"wp:featuredmedia":[{"embeddable":true,"href":"https:\/\/pascalnoppe.com\/index.php\/wp-json\/wp\/v2\/media\/643"}],"wp:attachment":[{"href":"https:\/\/pascalnoppe.com\/index.php\/wp-json\/wp\/v2\/media?parent=613"}],"wp:term":[{"taxonomy":"product_cat","embeddable":true,"href":"https:\/\/pascalnoppe.com\/index.php\/wp-json\/wp\/v2\/product_cat?post=613"},{"taxonomy":"product_tag","embeddable":true,"href":"https:\/\/pascalnoppe.com\/index.php\/wp-json\/wp\/v2\/product_tag?post=613"}],"curies":[{"name":"wp","href":"https:\/\/api.w.org\/{rel}","templated":true}]}}