{"id":609,"date":"2021-05-23T11:37:25","date_gmt":"2021-05-23T09:37:25","guid":{"rendered":"http:\/\/pascalnoppe.com\/?post_type=product&#038;p=609"},"modified":"2021-05-23T11:37:30","modified_gmt":"2021-05-23T09:37:30","slug":"macaron-a-la-rose","status":"publish","type":"product","link":"https:\/\/pascalnoppe.com\/index.php\/produit\/macaron-a-la-rose\/","title":{"rendered":"Macaron \u00e0 la rose"},"content":{"rendered":"<p>cr\u00e8me \u00e0 la rose<\/p>\n","protected":false},"excerpt":{"rendered":"<p>cr\u00e8me \u00e0 la rose<\/p>\n","protected":false},"featured_media":639,"template":"","meta":[],"product_cat":[17,18],"product_tag":[],"_links":{"self":[{"href":"https:\/\/pascalnoppe.com\/index.php\/wp-json\/wp\/v2\/product\/609"}],"collection":[{"href":"https:\/\/pascalnoppe.com\/index.php\/wp-json\/wp\/v2\/product"}],"about":[{"href":"https:\/\/pascalnoppe.com\/index.php\/wp-json\/wp\/v2\/types\/product"}],"version-history":[{"count":0,"href":"https:\/\/pascalnoppe.com\/index.php\/wp-json\/wp\/v2\/product\/609\/revisions"}],"wp:featuredmedia":[{"embeddable":true,"href":"https:\/\/pascalnoppe.com\/index.php\/wp-json\/wp\/v2\/media\/639"}],"wp:attachment":[{"href":"https:\/\/pascalnoppe.com\/index.php\/wp-json\/wp\/v2\/media?parent=609"}],"wp:term":[{"taxonomy":"product_cat","embeddable":true,"href":"https:\/\/pascalnoppe.com\/index.php\/wp-json\/wp\/v2\/product_cat?post=609"},{"taxonomy":"product_tag","embeddable":true,"href":"https:\/\/pascalnoppe.com\/index.php\/wp-json\/wp\/v2\/product_tag?post=609"}],"curies":[{"name":"wp","href":"https:\/\/api.w.org\/{rel}","templated":true}]}}