{"id":605,"date":"2021-05-23T11:37:24","date_gmt":"2021-05-23T09:37:24","guid":{"rendered":"http:\/\/pascalnoppe.com\/?post_type=product&#038;p=605"},"modified":"2021-05-23T11:37:28","modified_gmt":"2021-05-23T09:37:28","slug":"macaron-a-la-peche","status":"publish","type":"product","link":"https:\/\/pascalnoppe.com\/index.php\/produit\/macaron-a-la-peche\/","title":{"rendered":"Macaron \u00e0 la p\u00eache"},"content":{"rendered":"<p>ganache \u00e0 la p\u00eache.<\/p>\n","protected":false},"excerpt":{"rendered":"<p>ganache \u00e0 la p\u00eache.<\/p>\n","protected":false},"featured_media":635,"template":"","meta":[],"product_cat":[17,18],"product_tag":[],"_links":{"self":[{"href":"https:\/\/pascalnoppe.com\/index.php\/wp-json\/wp\/v2\/product\/605"}],"collection":[{"href":"https:\/\/pascalnoppe.com\/index.php\/wp-json\/wp\/v2\/product"}],"about":[{"href":"https:\/\/pascalnoppe.com\/index.php\/wp-json\/wp\/v2\/types\/product"}],"version-history":[{"count":0,"href":"https:\/\/pascalnoppe.com\/index.php\/wp-json\/wp\/v2\/product\/605\/revisions"}],"wp:featuredmedia":[{"embeddable":true,"href":"https:\/\/pascalnoppe.com\/index.php\/wp-json\/wp\/v2\/media\/635"}],"wp:attachment":[{"href":"https:\/\/pascalnoppe.com\/index.php\/wp-json\/wp\/v2\/media?parent=605"}],"wp:term":[{"taxonomy":"product_cat","embeddable":true,"href":"https:\/\/pascalnoppe.com\/index.php\/wp-json\/wp\/v2\/product_cat?post=605"},{"taxonomy":"product_tag","embeddable":true,"href":"https:\/\/pascalnoppe.com\/index.php\/wp-json\/wp\/v2\/product_tag?post=605"}],"curies":[{"name":"wp","href":"https:\/\/api.w.org\/{rel}","templated":true}]}}