{"id":604,"date":"2021-05-23T11:37:24","date_gmt":"2021-05-23T09:37:24","guid":{"rendered":"http:\/\/pascalnoppe.com\/?post_type=product&#038;p=604"},"modified":"2021-05-23T11:37:28","modified_gmt":"2021-05-23T09:37:28","slug":"macaron-caramel-beurre-sale","status":"publish","type":"product","link":"https:\/\/pascalnoppe.com\/index.php\/produit\/macaron-caramel-beurre-sale\/","title":{"rendered":"Macaron caramel beurre sal\u00e9"},"content":{"rendered":"<p>Le favori , cr\u00e8me de caramel au beurre sal\u00e9.<\/p>\n","protected":false},"excerpt":{"rendered":"<p>Le favori , cr\u00e8me de caramel au beurre sal\u00e9.<\/p>\n","protected":false},"featured_media":634,"template":"","meta":[],"product_cat":[17,18],"product_tag":[],"_links":{"self":[{"href":"https:\/\/pascalnoppe.com\/index.php\/wp-json\/wp\/v2\/product\/604"}],"collection":[{"href":"https:\/\/pascalnoppe.com\/index.php\/wp-json\/wp\/v2\/product"}],"about":[{"href":"https:\/\/pascalnoppe.com\/index.php\/wp-json\/wp\/v2\/types\/product"}],"version-history":[{"count":0,"href":"https:\/\/pascalnoppe.com\/index.php\/wp-json\/wp\/v2\/product\/604\/revisions"}],"wp:featuredmedia":[{"embeddable":true,"href":"https:\/\/pascalnoppe.com\/index.php\/wp-json\/wp\/v2\/media\/634"}],"wp:attachment":[{"href":"https:\/\/pascalnoppe.com\/index.php\/wp-json\/wp\/v2\/media?parent=604"}],"wp:term":[{"taxonomy":"product_cat","embeddable":true,"href":"https:\/\/pascalnoppe.com\/index.php\/wp-json\/wp\/v2\/product_cat?post=604"},{"taxonomy":"product_tag","embeddable":true,"href":"https:\/\/pascalnoppe.com\/index.php\/wp-json\/wp\/v2\/product_tag?post=604"}],"curies":[{"name":"wp","href":"https:\/\/api.w.org\/{rel}","templated":true}]}}