{"id":2154,"date":"2021-11-11T09:03:30","date_gmt":"2021-11-11T08:03:30","guid":{"rendered":"https:\/\/pascalnoppe.com\/?post_type=product&#038;p=2154"},"modified":"2021-11-11T09:03:30","modified_gmt":"2021-11-11T08:03:30","slug":"le-chasseur","status":"publish","type":"product","link":"https:\/\/pascalnoppe.com\/index.php\/produit\/le-chasseur\/","title":{"rendered":"Le chasseur"},"content":{"rendered":"<p>Le Chasseur,<\/p>\n<p>d\u00e9cor en pastillage , dessin \u00e0 la main et colorier \u00e0 l&rsquo;a\u00e9rographe ,<\/p>\n<p>d\u00e9co pr\u00eat pour poser sur un entremet de 24 pers ,<\/p>\n<p>&nbsp;<\/p>\n","protected":false},"excerpt":{"rendered":"<p>Le Chasseur, d\u00e9cor en pastillage , dessin \u00e0 la main et colorier \u00e0 l&rsquo;a\u00e9rographe , d\u00e9co pr\u00eat pour poser sur un entremet de 24 pers , &nbsp;<\/p>\n","protected":false},"featured_media":2057,"template":"","meta":[],"product_cat":[27,25],"product_tag":[],"_links":{"self":[{"href":"https:\/\/pascalnoppe.com\/index.php\/wp-json\/wp\/v2\/product\/2154"}],"collection":[{"href":"https:\/\/pascalnoppe.com\/index.php\/wp-json\/wp\/v2\/product"}],"about":[{"href":"https:\/\/pascalnoppe.com\/index.php\/wp-json\/wp\/v2\/types\/product"}],"version-history":[{"count":1,"href":"https:\/\/pascalnoppe.com\/index.php\/wp-json\/wp\/v2\/product\/2154\/revisions"}],"predecessor-version":[{"id":2155,"href":"https:\/\/pascalnoppe.com\/index.php\/wp-json\/wp\/v2\/product\/2154\/revisions\/2155"}],"wp:featuredmedia":[{"embeddable":true,"href":"https:\/\/pascalnoppe.com\/index.php\/wp-json\/wp\/v2\/media\/2057"}],"wp:attachment":[{"href":"https:\/\/pascalnoppe.com\/index.php\/wp-json\/wp\/v2\/media?parent=2154"}],"wp:term":[{"taxonomy":"product_cat","embeddable":true,"href":"https:\/\/pascalnoppe.com\/index.php\/wp-json\/wp\/v2\/product_cat?post=2154"},{"taxonomy":"product_tag","embeddable":true,"href":"https:\/\/pascalnoppe.com\/index.php\/wp-json\/wp\/v2\/product_tag?post=2154"}],"curies":[{"name":"wp","href":"https:\/\/api.w.org\/{rel}","templated":true}]}}