{"id":2151,"date":"2021-10-23T20:13:17","date_gmt":"2021-10-23T18:13:17","guid":{"rendered":"https:\/\/pascalnoppe.com\/?post_type=product&#038;p=2151"},"modified":"2021-10-23T20:13:17","modified_gmt":"2021-10-23T18:13:17","slug":"logo-paris-st-germain","status":"publish","type":"product","link":"https:\/\/pascalnoppe.com\/index.php\/produit\/logo-paris-st-germain\/","title":{"rendered":"logo Paris St Germain"},"content":{"rendered":"<p>Pour Yassine,<\/p>\n<p>fan du Paris st Germain, ici le logo r\u00e9aliser sur un entremets style am\u00e9ricain de 30 pers ,<\/p>\n<p>r\u00e9aliser en p\u00e2te \u00e0 sucre ,<\/p>\n","protected":false},"excerpt":{"rendered":"<p>Pour Yassine, fan du Paris st Germain, ici le logo r\u00e9aliser sur un entremets style am\u00e9ricain de 30 pers , r\u00e9aliser en p\u00e2te \u00e0 sucre ,<\/p>\n","protected":false},"featured_media":2138,"template":"","meta":[],"product_cat":[19,27],"product_tag":[],"_links":{"self":[{"href":"https:\/\/pascalnoppe.com\/index.php\/wp-json\/wp\/v2\/product\/2151"}],"collection":[{"href":"https:\/\/pascalnoppe.com\/index.php\/wp-json\/wp\/v2\/product"}],"about":[{"href":"https:\/\/pascalnoppe.com\/index.php\/wp-json\/wp\/v2\/types\/product"}],"version-history":[{"count":1,"href":"https:\/\/pascalnoppe.com\/index.php\/wp-json\/wp\/v2\/product\/2151\/revisions"}],"predecessor-version":[{"id":2152,"href":"https:\/\/pascalnoppe.com\/index.php\/wp-json\/wp\/v2\/product\/2151\/revisions\/2152"}],"wp:featuredmedia":[{"embeddable":true,"href":"https:\/\/pascalnoppe.com\/index.php\/wp-json\/wp\/v2\/media\/2138"}],"wp:attachment":[{"href":"https:\/\/pascalnoppe.com\/index.php\/wp-json\/wp\/v2\/media?parent=2151"}],"wp:term":[{"taxonomy":"product_cat","embeddable":true,"href":"https:\/\/pascalnoppe.com\/index.php\/wp-json\/wp\/v2\/product_cat?post=2151"},{"taxonomy":"product_tag","embeddable":true,"href":"https:\/\/pascalnoppe.com\/index.php\/wp-json\/wp\/v2\/product_tag?post=2151"}],"curies":[{"name":"wp","href":"https:\/\/api.w.org\/{rel}","templated":true}]}}