{"id":2149,"date":"2021-10-23T20:05:53","date_gmt":"2021-10-23T18:05:53","guid":{"rendered":"https:\/\/pascalnoppe.com\/?post_type=product&#038;p=2149"},"modified":"2021-10-23T20:05:54","modified_gmt":"2021-10-23T18:05:54","slug":"pat-patrol","status":"publish","type":"product","link":"https:\/\/pascalnoppe.com\/index.php\/produit\/pat-patrol\/","title":{"rendered":"Pat patrol"},"content":{"rendered":"<p>Ici pour Leonardo ,<\/p>\n<p>pour 16 pers , g\u00e2teau style am\u00e9ricain,<\/p>\n<p>\u00e0 la fraise et framboise, cr\u00e8me mousseline \u00e0 la vanille et g\u00e9noise amande,<\/p>\n<p>recouvert de p\u00e2te \u00e0 sucre pour r\u00e9aliser le dessin\u00a0 \u00e0 la main,<\/p>\n<p>&nbsp;<\/p>\n","protected":false},"excerpt":{"rendered":"<p>Ici pour Leonardo , pour 16 pers , g\u00e2teau style am\u00e9ricain, \u00e0 la fraise et framboise, cr\u00e8me mousseline \u00e0 la vanille et g\u00e9noise amande, recouvert de p\u00e2te \u00e0 sucre pour r\u00e9aliser le dessin\u00a0 \u00e0 la main, &nbsp;<\/p>\n","protected":false},"featured_media":2087,"template":"","meta":[],"product_cat":[19,27],"product_tag":[],"_links":{"self":[{"href":"https:\/\/pascalnoppe.com\/index.php\/wp-json\/wp\/v2\/product\/2149"}],"collection":[{"href":"https:\/\/pascalnoppe.com\/index.php\/wp-json\/wp\/v2\/product"}],"about":[{"href":"https:\/\/pascalnoppe.com\/index.php\/wp-json\/wp\/v2\/types\/product"}],"version-history":[{"count":1,"href":"https:\/\/pascalnoppe.com\/index.php\/wp-json\/wp\/v2\/product\/2149\/revisions"}],"predecessor-version":[{"id":2150,"href":"https:\/\/pascalnoppe.com\/index.php\/wp-json\/wp\/v2\/product\/2149\/revisions\/2150"}],"wp:featuredmedia":[{"embeddable":true,"href":"https:\/\/pascalnoppe.com\/index.php\/wp-json\/wp\/v2\/media\/2087"}],"wp:attachment":[{"href":"https:\/\/pascalnoppe.com\/index.php\/wp-json\/wp\/v2\/media?parent=2149"}],"wp:term":[{"taxonomy":"product_cat","embeddable":true,"href":"https:\/\/pascalnoppe.com\/index.php\/wp-json\/wp\/v2\/product_cat?post=2149"},{"taxonomy":"product_tag","embeddable":true,"href":"https:\/\/pascalnoppe.com\/index.php\/wp-json\/wp\/v2\/product_tag?post=2149"}],"curies":[{"name":"wp","href":"https:\/\/api.w.org\/{rel}","templated":true}]}}