{"id":2147,"date":"2021-10-23T19:58:50","date_gmt":"2021-10-23T17:58:50","guid":{"rendered":"https:\/\/pascalnoppe.com\/?post_type=product&#038;p=2147"},"modified":"2021-10-23T20:01:11","modified_gmt":"2021-10-23T18:01:11","slug":"barbie","status":"publish","type":"product","link":"https:\/\/pascalnoppe.com\/index.php\/produit\/barbie\/","title":{"rendered":"Barbie"},"content":{"rendered":"<p>Un g\u00e2teau am\u00e9ricain sur 2 \u00e9tages pour 30 pers,<\/p>\n<p>d\u00e9corer pour l&rsquo;anniversaire de Julianna 7 ans ,<\/p>\n<p>&nbsp;<\/p>\n","protected":false},"excerpt":{"rendered":"<p>Un g\u00e2teau am\u00e9ricain sur 2 \u00e9tages pour 30 pers, d\u00e9corer pour l&rsquo;anniversaire de Julianna 7 ans , &nbsp;<\/p>\n","protected":false},"featured_media":2135,"template":"","meta":[],"product_cat":[27],"product_tag":[],"_links":{"self":[{"href":"https:\/\/pascalnoppe.com\/index.php\/wp-json\/wp\/v2\/product\/2147"}],"collection":[{"href":"https:\/\/pascalnoppe.com\/index.php\/wp-json\/wp\/v2\/product"}],"about":[{"href":"https:\/\/pascalnoppe.com\/index.php\/wp-json\/wp\/v2\/types\/product"}],"version-history":[{"count":1,"href":"https:\/\/pascalnoppe.com\/index.php\/wp-json\/wp\/v2\/product\/2147\/revisions"}],"predecessor-version":[{"id":2148,"href":"https:\/\/pascalnoppe.com\/index.php\/wp-json\/wp\/v2\/product\/2147\/revisions\/2148"}],"wp:featuredmedia":[{"embeddable":true,"href":"https:\/\/pascalnoppe.com\/index.php\/wp-json\/wp\/v2\/media\/2135"}],"wp:attachment":[{"href":"https:\/\/pascalnoppe.com\/index.php\/wp-json\/wp\/v2\/media?parent=2147"}],"wp:term":[{"taxonomy":"product_cat","embeddable":true,"href":"https:\/\/pascalnoppe.com\/index.php\/wp-json\/wp\/v2\/product_cat?post=2147"},{"taxonomy":"product_tag","embeddable":true,"href":"https:\/\/pascalnoppe.com\/index.php\/wp-json\/wp\/v2\/product_tag?post=2147"}],"curies":[{"name":"wp","href":"https:\/\/api.w.org\/{rel}","templated":true}]}}