{"id":2093,"date":"2021-07-22T13:49:20","date_gmt":"2021-07-22T11:49:20","guid":{"rendered":"https:\/\/pascalnoppe.com\/?post_type=product&#038;p=2093"},"modified":"2021-07-22T13:55:04","modified_gmt":"2021-07-22T11:55:04","slug":"le-millefeuille-a-la-vanille","status":"publish","type":"product","link":"https:\/\/pascalnoppe.com\/index.php\/produit\/le-millefeuille-a-la-vanille\/","title":{"rendered":"Le Millefeuille \u00e0 la vanille"},"content":{"rendered":"<p>Le millefeuille \u00e0 la vanille , un classique ,<\/p>\n<p>une cr\u00e8me p\u00e2tissi\u00e8re \u00e0 la vanille maison, un feuilletage bien caram\u00e9lis\u00e9, pr\u00e9senter en longueur ,<\/p>\n<p>plus facile \u00e0 couper pour les clients,<\/p>\n<p>commander 1 \u00e0 2 jours \u00e0 l&rsquo;avance, en 4-6-8-10-12 pers ,<\/p>\n<p>&nbsp;<\/p>\n","protected":false},"excerpt":{"rendered":"<p><img fetchpriority=\"high\" decoding=\"async\" class=\"alignnone size-medium wp-image-2071\" src=\"https:\/\/pascalnoppe.com\/wp-content\/uploads\/2021\/07\/MILLE-FEUILLE-VANILLA-225x300.jpg\" alt=\"\" width=\"225\" height=\"300\" srcset=\"https:\/\/pascalnoppe.com\/wp-content\/uploads\/2021\/07\/MILLE-FEUILLE-VANILLA-225x300.jpg 225w, https:\/\/pascalnoppe.com\/wp-content\/uploads\/2021\/07\/MILLE-FEUILLE-VANILLA.jpg 601w\" sizes=\"(max-width: 225px) 100vw, 225px\" \/><\/p>\n","protected":false},"featured_media":2071,"template":"","meta":[],"product_cat":[17,19],"product_tag":[],"_links":{"self":[{"href":"https:\/\/pascalnoppe.com\/index.php\/wp-json\/wp\/v2\/product\/2093"}],"collection":[{"href":"https:\/\/pascalnoppe.com\/index.php\/wp-json\/wp\/v2\/product"}],"about":[{"href":"https:\/\/pascalnoppe.com\/index.php\/wp-json\/wp\/v2\/types\/product"}],"version-history":[{"count":3,"href":"https:\/\/pascalnoppe.com\/index.php\/wp-json\/wp\/v2\/product\/2093\/revisions"}],"predecessor-version":[{"id":2098,"href":"https:\/\/pascalnoppe.com\/index.php\/wp-json\/wp\/v2\/product\/2093\/revisions\/2098"}],"wp:featuredmedia":[{"embeddable":true,"href":"https:\/\/pascalnoppe.com\/index.php\/wp-json\/wp\/v2\/media\/2071"}],"wp:attachment":[{"href":"https:\/\/pascalnoppe.com\/index.php\/wp-json\/wp\/v2\/media?parent=2093"}],"wp:term":[{"taxonomy":"product_cat","embeddable":true,"href":"https:\/\/pascalnoppe.com\/index.php\/wp-json\/wp\/v2\/product_cat?post=2093"},{"taxonomy":"product_tag","embeddable":true,"href":"https:\/\/pascalnoppe.com\/index.php\/wp-json\/wp\/v2\/product_tag?post=2093"}],"curies":[{"name":"wp","href":"https:\/\/api.w.org\/{rel}","templated":true}]}}