{"id":1366,"date":"2021-05-23T12:01:08","date_gmt":"2021-05-23T10:01:08","guid":{"rendered":"http:\/\/pascalnoppe.com\/?post_type=product&#038;p=1366"},"modified":"2021-05-23T12:01:10","modified_gmt":"2021-05-23T10:01:10","slug":"tarte-aux-abricots","status":"publish","type":"product","link":"https:\/\/pascalnoppe.com\/index.php\/produit\/tarte-aux-abricots\/","title":{"rendered":"Tarte aux abricots"},"content":{"rendered":"<p>p\u00e2te feuillet\u00e9e , cr\u00e8me d&rsquo;amande l\u00e9g\u00e8re, abricots ,&nbsp;<\/p>\n<div>nappage abricot.&nbsp;<\/div>\n","protected":false},"excerpt":{"rendered":"<p>p\u00e2te feuillet\u00e9e , cr\u00e8me d&rsquo;amande l\u00e9g\u00e8re, abricots ,&nbsp; nappage abricot.&nbsp;<\/p>\n","protected":false},"featured_media":1373,"template":"","meta":[],"product_cat":[17,24],"product_tag":[],"_links":{"self":[{"href":"https:\/\/pascalnoppe.com\/index.php\/wp-json\/wp\/v2\/product\/1366"}],"collection":[{"href":"https:\/\/pascalnoppe.com\/index.php\/wp-json\/wp\/v2\/product"}],"about":[{"href":"https:\/\/pascalnoppe.com\/index.php\/wp-json\/wp\/v2\/types\/product"}],"version-history":[{"count":0,"href":"https:\/\/pascalnoppe.com\/index.php\/wp-json\/wp\/v2\/product\/1366\/revisions"}],"wp:featuredmedia":[{"embeddable":true,"href":"https:\/\/pascalnoppe.com\/index.php\/wp-json\/wp\/v2\/media\/1373"}],"wp:attachment":[{"href":"https:\/\/pascalnoppe.com\/index.php\/wp-json\/wp\/v2\/media?parent=1366"}],"wp:term":[{"taxonomy":"product_cat","embeddable":true,"href":"https:\/\/pascalnoppe.com\/index.php\/wp-json\/wp\/v2\/product_cat?post=1366"},{"taxonomy":"product_tag","embeddable":true,"href":"https:\/\/pascalnoppe.com\/index.php\/wp-json\/wp\/v2\/product_tag?post=1366"}],"curies":[{"name":"wp","href":"https:\/\/api.w.org\/{rel}","templated":true}]}}