{"id":1362,"date":"2021-05-23T12:01:08","date_gmt":"2021-05-23T10:01:08","guid":{"rendered":"http:\/\/pascalnoppe.com\/?post_type=product&#038;p=1362"},"modified":"2021-05-23T12:01:09","modified_gmt":"2021-05-23T10:01:09","slug":"tarte-noix-caramel","status":"publish","type":"product","link":"https:\/\/pascalnoppe.com\/index.php\/produit\/tarte-noix-caramel\/","title":{"rendered":"Tarte noix caramel"},"content":{"rendered":"<p>une p\u00e2te sabl\u00e9e amande, du caramel fa\u00e7on Pascal et des noix , le tout cuit au four , un d\u00e9lice.<\/p>\n","protected":false},"excerpt":{"rendered":"<p>une p\u00e2te sabl\u00e9e amande, du caramel fa\u00e7on Pascal et des noix , le tout cuit au four , un d\u00e9lice.<\/p>\n","protected":false},"featured_media":1369,"template":"","meta":[],"product_cat":[17,24],"product_tag":[],"_links":{"self":[{"href":"https:\/\/pascalnoppe.com\/index.php\/wp-json\/wp\/v2\/product\/1362"}],"collection":[{"href":"https:\/\/pascalnoppe.com\/index.php\/wp-json\/wp\/v2\/product"}],"about":[{"href":"https:\/\/pascalnoppe.com\/index.php\/wp-json\/wp\/v2\/types\/product"}],"version-history":[{"count":0,"href":"https:\/\/pascalnoppe.com\/index.php\/wp-json\/wp\/v2\/product\/1362\/revisions"}],"wp:featuredmedia":[{"embeddable":true,"href":"https:\/\/pascalnoppe.com\/index.php\/wp-json\/wp\/v2\/media\/1369"}],"wp:attachment":[{"href":"https:\/\/pascalnoppe.com\/index.php\/wp-json\/wp\/v2\/media?parent=1362"}],"wp:term":[{"taxonomy":"product_cat","embeddable":true,"href":"https:\/\/pascalnoppe.com\/index.php\/wp-json\/wp\/v2\/product_cat?post=1362"},{"taxonomy":"product_tag","embeddable":true,"href":"https:\/\/pascalnoppe.com\/index.php\/wp-json\/wp\/v2\/product_tag?post=1362"}],"curies":[{"name":"wp","href":"https:\/\/api.w.org\/{rel}","templated":true}]}}