{"id":1330,"date":"2021-05-23T11:40:54","date_gmt":"2021-05-23T09:40:54","guid":{"rendered":"http:\/\/pascalnoppe.com\/?post_type=product&#038;p=1330"},"modified":"2021-05-23T11:41:01","modified_gmt":"2021-05-23T09:41:01","slug":"pause-cafe","status":"publish","type":"product","link":"https:\/\/pascalnoppe.com\/index.php\/produit\/pause-cafe\/","title":{"rendered":"Pause caf\u00e9"},"content":{"rendered":"<p>Un moment de d\u00e9tente, agr\u00e9able, une ambiance magique. <\/p>\n","protected":false},"excerpt":{"rendered":"<p>Un moment de d\u00e9tente, agr\u00e9able, une ambiance magique.<\/p>\n","protected":false},"featured_media":1347,"template":"","meta":[],"product_cat":[17,29],"product_tag":[],"_links":{"self":[{"href":"https:\/\/pascalnoppe.com\/index.php\/wp-json\/wp\/v2\/product\/1330"}],"collection":[{"href":"https:\/\/pascalnoppe.com\/index.php\/wp-json\/wp\/v2\/product"}],"about":[{"href":"https:\/\/pascalnoppe.com\/index.php\/wp-json\/wp\/v2\/types\/product"}],"version-history":[{"count":0,"href":"https:\/\/pascalnoppe.com\/index.php\/wp-json\/wp\/v2\/product\/1330\/revisions"}],"wp:featuredmedia":[{"embeddable":true,"href":"https:\/\/pascalnoppe.com\/index.php\/wp-json\/wp\/v2\/media\/1347"}],"wp:attachment":[{"href":"https:\/\/pascalnoppe.com\/index.php\/wp-json\/wp\/v2\/media?parent=1330"}],"wp:term":[{"taxonomy":"product_cat","embeddable":true,"href":"https:\/\/pascalnoppe.com\/index.php\/wp-json\/wp\/v2\/product_cat?post=1330"},{"taxonomy":"product_tag","embeddable":true,"href":"https:\/\/pascalnoppe.com\/index.php\/wp-json\/wp\/v2\/product_tag?post=1330"}],"curies":[{"name":"wp","href":"https:\/\/api.w.org\/{rel}","templated":true}]}}