{"id":1329,"date":"2021-05-23T11:40:54","date_gmt":"2021-05-23T09:40:54","guid":{"rendered":"http:\/\/pascalnoppe.com\/?post_type=product&#038;p=1329"},"modified":"2021-05-23T11:41:01","modified_gmt":"2021-05-23T09:41:01","slug":"tiramisu-presente-pour-le-salon-de-the","status":"publish","type":"product","link":"https:\/\/pascalnoppe.com\/index.php\/produit\/tiramisu-presente-pour-le-salon-de-the\/","title":{"rendered":"tiramisu present\u00e9 pour le salon de th\u00e9"},"content":{"rendered":"<p>tasse de tiramisu, fa\u00e7on Pascal, pour le salon de th\u00e9&#8230;<\/p>\n","protected":false},"excerpt":{"rendered":"<p>tasse de tiramisu, fa\u00e7on Pascal, pour le salon de th\u00e9&#8230;<\/p>\n","protected":false},"featured_media":1346,"template":"","meta":[],"product_cat":[17,29],"product_tag":[],"_links":{"self":[{"href":"https:\/\/pascalnoppe.com\/index.php\/wp-json\/wp\/v2\/product\/1329"}],"collection":[{"href":"https:\/\/pascalnoppe.com\/index.php\/wp-json\/wp\/v2\/product"}],"about":[{"href":"https:\/\/pascalnoppe.com\/index.php\/wp-json\/wp\/v2\/types\/product"}],"version-history":[{"count":0,"href":"https:\/\/pascalnoppe.com\/index.php\/wp-json\/wp\/v2\/product\/1329\/revisions"}],"wp:featuredmedia":[{"embeddable":true,"href":"https:\/\/pascalnoppe.com\/index.php\/wp-json\/wp\/v2\/media\/1346"}],"wp:attachment":[{"href":"https:\/\/pascalnoppe.com\/index.php\/wp-json\/wp\/v2\/media?parent=1329"}],"wp:term":[{"taxonomy":"product_cat","embeddable":true,"href":"https:\/\/pascalnoppe.com\/index.php\/wp-json\/wp\/v2\/product_cat?post=1329"},{"taxonomy":"product_tag","embeddable":true,"href":"https:\/\/pascalnoppe.com\/index.php\/wp-json\/wp\/v2\/product_tag?post=1329"}],"curies":[{"name":"wp","href":"https:\/\/api.w.org\/{rel}","templated":true}]}}