{"id":1327,"date":"2021-05-23T11:40:54","date_gmt":"2021-05-23T09:40:54","guid":{"rendered":"http:\/\/pascalnoppe.com\/?post_type=product&#038;p=1327"},"modified":"2021-05-23T11:41:00","modified_gmt":"2021-05-23T09:41:00","slug":"le-salon-de-the-a-dubai","status":"publish","type":"product","link":"https:\/\/pascalnoppe.com\/index.php\/produit\/le-salon-de-the-a-dubai\/","title":{"rendered":"Le salon de th\u00e9 \u00e0 Duba\u00ef"},"content":{"rendered":"<p>Vue sur le salon de th\u00e9 \u00e0 Duba\u00ef.<\/p>\n","protected":false},"excerpt":{"rendered":"<p>Vue sur le salon de th\u00e9 \u00e0 Duba\u00ef.<\/p>\n","protected":false},"featured_media":1344,"template":"","meta":[],"product_cat":[17,29],"product_tag":[],"_links":{"self":[{"href":"https:\/\/pascalnoppe.com\/index.php\/wp-json\/wp\/v2\/product\/1327"}],"collection":[{"href":"https:\/\/pascalnoppe.com\/index.php\/wp-json\/wp\/v2\/product"}],"about":[{"href":"https:\/\/pascalnoppe.com\/index.php\/wp-json\/wp\/v2\/types\/product"}],"version-history":[{"count":0,"href":"https:\/\/pascalnoppe.com\/index.php\/wp-json\/wp\/v2\/product\/1327\/revisions"}],"wp:featuredmedia":[{"embeddable":true,"href":"https:\/\/pascalnoppe.com\/index.php\/wp-json\/wp\/v2\/media\/1344"}],"wp:attachment":[{"href":"https:\/\/pascalnoppe.com\/index.php\/wp-json\/wp\/v2\/media?parent=1327"}],"wp:term":[{"taxonomy":"product_cat","embeddable":true,"href":"https:\/\/pascalnoppe.com\/index.php\/wp-json\/wp\/v2\/product_cat?post=1327"},{"taxonomy":"product_tag","embeddable":true,"href":"https:\/\/pascalnoppe.com\/index.php\/wp-json\/wp\/v2\/product_tag?post=1327"}],"curies":[{"name":"wp","href":"https:\/\/api.w.org\/{rel}","templated":true}]}}