{"id":1324,"date":"2021-05-23T11:40:53","date_gmt":"2021-05-23T09:40:53","guid":{"rendered":"http:\/\/pascalnoppe.com\/?post_type=product&#038;p=1324"},"modified":"2021-05-23T11:40:59","modified_gmt":"2021-05-23T09:40:59","slug":"le-club-sandwich","status":"publish","type":"product","link":"https:\/\/pascalnoppe.com\/index.php\/produit\/le-club-sandwich\/","title":{"rendered":"Le club sandwich"},"content":{"rendered":"<p>pain de mie toast\u00e9, tomates, poulet grill\u00e9, oeuf dur, comt\u00e9 et concombre, servi avec roquette salade et des frittes.&nbsp;<\/p>\n","protected":false},"excerpt":{"rendered":"<p>pain de mie toast\u00e9, tomates, poulet grill\u00e9, oeuf dur, comt\u00e9 et concombre, servi avec roquette salade et des frittes.&nbsp;<\/p>\n","protected":false},"featured_media":1341,"template":"","meta":[],"product_cat":[17,29],"product_tag":[],"_links":{"self":[{"href":"https:\/\/pascalnoppe.com\/index.php\/wp-json\/wp\/v2\/product\/1324"}],"collection":[{"href":"https:\/\/pascalnoppe.com\/index.php\/wp-json\/wp\/v2\/product"}],"about":[{"href":"https:\/\/pascalnoppe.com\/index.php\/wp-json\/wp\/v2\/types\/product"}],"version-history":[{"count":0,"href":"https:\/\/pascalnoppe.com\/index.php\/wp-json\/wp\/v2\/product\/1324\/revisions"}],"wp:featuredmedia":[{"embeddable":true,"href":"https:\/\/pascalnoppe.com\/index.php\/wp-json\/wp\/v2\/media\/1341"}],"wp:attachment":[{"href":"https:\/\/pascalnoppe.com\/index.php\/wp-json\/wp\/v2\/media?parent=1324"}],"wp:term":[{"taxonomy":"product_cat","embeddable":true,"href":"https:\/\/pascalnoppe.com\/index.php\/wp-json\/wp\/v2\/product_cat?post=1324"},{"taxonomy":"product_tag","embeddable":true,"href":"https:\/\/pascalnoppe.com\/index.php\/wp-json\/wp\/v2\/product_tag?post=1324"}],"curies":[{"name":"wp","href":"https:\/\/api.w.org\/{rel}","templated":true}]}}