{"id":1323,"date":"2021-05-23T11:40:53","date_gmt":"2021-05-23T09:40:53","guid":{"rendered":"http:\/\/pascalnoppe.com\/?post_type=product&#038;p=1323"},"modified":"2021-05-23T11:40:58","modified_gmt":"2021-05-23T09:40:58","slug":"cafe-et-croissants","status":"publish","type":"product","link":"https:\/\/pascalnoppe.com\/index.php\/produit\/cafe-et-croissants\/","title":{"rendered":"Caf\u00e9 et croissants&#8230;"},"content":{"rendered":"<p>un m\u00f4ment de d\u00e9tente, le caf\u00e9 du matin avec de d\u00e9licieux croissant au beurre.<\/p>\n","protected":false},"excerpt":{"rendered":"<p>un m\u00f4ment de d\u00e9tente, le caf\u00e9 du matin avec de d\u00e9licieux croissant au beurre.<\/p>\n","protected":false},"featured_media":1340,"template":"","meta":[],"product_cat":[17,29],"product_tag":[],"_links":{"self":[{"href":"https:\/\/pascalnoppe.com\/index.php\/wp-json\/wp\/v2\/product\/1323"}],"collection":[{"href":"https:\/\/pascalnoppe.com\/index.php\/wp-json\/wp\/v2\/product"}],"about":[{"href":"https:\/\/pascalnoppe.com\/index.php\/wp-json\/wp\/v2\/types\/product"}],"version-history":[{"count":0,"href":"https:\/\/pascalnoppe.com\/index.php\/wp-json\/wp\/v2\/product\/1323\/revisions"}],"wp:featuredmedia":[{"embeddable":true,"href":"https:\/\/pascalnoppe.com\/index.php\/wp-json\/wp\/v2\/media\/1340"}],"wp:attachment":[{"href":"https:\/\/pascalnoppe.com\/index.php\/wp-json\/wp\/v2\/media?parent=1323"}],"wp:term":[{"taxonomy":"product_cat","embeddable":true,"href":"https:\/\/pascalnoppe.com\/index.php\/wp-json\/wp\/v2\/product_cat?post=1323"},{"taxonomy":"product_tag","embeddable":true,"href":"https:\/\/pascalnoppe.com\/index.php\/wp-json\/wp\/v2\/product_tag?post=1323"}],"curies":[{"name":"wp","href":"https:\/\/api.w.org\/{rel}","templated":true}]}}