{"id":1283,"date":"2021-05-23T11:40:37","date_gmt":"2021-05-23T09:40:37","guid":{"rendered":"http:\/\/pascalnoppe.com\/?post_type=product&#038;p=1283"},"modified":"2021-05-23T11:40:51","modified_gmt":"2021-05-23T09:40:51","slug":"ciabatta-aux-tomates","status":"publish","type":"product","link":"https:\/\/pascalnoppe.com\/index.php\/produit\/ciabatta-aux-tomates\/","title":{"rendered":"Ciabatta aux tomates"},"content":{"rendered":"<p>Le pav\u00e9 ciabatta \u00e0 la tomate confite, une croute l\u00e9g\u00e8re et moelleuse, une mie onctueuse et un bon go\u00fbt de levain.<\/p>\n","protected":false},"excerpt":{"rendered":"<p>Le pav\u00e9 ciabatta \u00e0 la tomate confite, une croute l\u00e9g\u00e8re et moelleuse, une mie onctueuse et un bon go\u00fbt de levain.<\/p>\n","protected":false},"featured_media":1313,"template":"","meta":[],"product_cat":[17,28],"product_tag":[],"_links":{"self":[{"href":"https:\/\/pascalnoppe.com\/index.php\/wp-json\/wp\/v2\/product\/1283"}],"collection":[{"href":"https:\/\/pascalnoppe.com\/index.php\/wp-json\/wp\/v2\/product"}],"about":[{"href":"https:\/\/pascalnoppe.com\/index.php\/wp-json\/wp\/v2\/types\/product"}],"version-history":[{"count":0,"href":"https:\/\/pascalnoppe.com\/index.php\/wp-json\/wp\/v2\/product\/1283\/revisions"}],"wp:featuredmedia":[{"embeddable":true,"href":"https:\/\/pascalnoppe.com\/index.php\/wp-json\/wp\/v2\/media\/1313"}],"wp:attachment":[{"href":"https:\/\/pascalnoppe.com\/index.php\/wp-json\/wp\/v2\/media?parent=1283"}],"wp:term":[{"taxonomy":"product_cat","embeddable":true,"href":"https:\/\/pascalnoppe.com\/index.php\/wp-json\/wp\/v2\/product_cat?post=1283"},{"taxonomy":"product_tag","embeddable":true,"href":"https:\/\/pascalnoppe.com\/index.php\/wp-json\/wp\/v2\/product_tag?post=1283"}],"curies":[{"name":"wp","href":"https:\/\/api.w.org\/{rel}","templated":true}]}}