{"id":1282,"date":"2021-05-23T11:40:37","date_gmt":"2021-05-23T09:40:37","guid":{"rendered":"http:\/\/pascalnoppe.com\/?post_type=product&#038;p=1282"},"modified":"2021-05-23T11:40:50","modified_gmt":"2021-05-23T09:40:50","slug":"christophe-notre-boulanger","status":"publish","type":"product","link":"https:\/\/pascalnoppe.com\/index.php\/produit\/christophe-notre-boulanger\/","title":{"rendered":"Christophe notre boulanger"},"content":{"rendered":"<p>Ici, Christophe pour la confection des brioches feuillet\u00e9es au chocolat, il r\u00e9alise tout nos pains, pains sp\u00e9ciaux, etc&#8230;<\/p>\n","protected":false},"excerpt":{"rendered":"<p>Ici, Christophe pour la confection des brioches feuillet\u00e9es au chocolat, il r\u00e9alise tout nos pains, pains sp\u00e9ciaux, etc&#8230;<\/p>\n","protected":false},"featured_media":1312,"template":"","meta":[],"product_cat":[17,28],"product_tag":[],"_links":{"self":[{"href":"https:\/\/pascalnoppe.com\/index.php\/wp-json\/wp\/v2\/product\/1282"}],"collection":[{"href":"https:\/\/pascalnoppe.com\/index.php\/wp-json\/wp\/v2\/product"}],"about":[{"href":"https:\/\/pascalnoppe.com\/index.php\/wp-json\/wp\/v2\/types\/product"}],"version-history":[{"count":0,"href":"https:\/\/pascalnoppe.com\/index.php\/wp-json\/wp\/v2\/product\/1282\/revisions"}],"wp:featuredmedia":[{"embeddable":true,"href":"https:\/\/pascalnoppe.com\/index.php\/wp-json\/wp\/v2\/media\/1312"}],"wp:attachment":[{"href":"https:\/\/pascalnoppe.com\/index.php\/wp-json\/wp\/v2\/media?parent=1282"}],"wp:term":[{"taxonomy":"product_cat","embeddable":true,"href":"https:\/\/pascalnoppe.com\/index.php\/wp-json\/wp\/v2\/product_cat?post=1282"},{"taxonomy":"product_tag","embeddable":true,"href":"https:\/\/pascalnoppe.com\/index.php\/wp-json\/wp\/v2\/product_tag?post=1282"}],"curies":[{"name":"wp","href":"https:\/\/api.w.org\/{rel}","templated":true}]}}