{"id":1281,"date":"2021-05-23T11:40:37","date_gmt":"2021-05-23T09:40:37","guid":{"rendered":"http:\/\/pascalnoppe.com\/?post_type=product&#038;p=1281"},"modified":"2021-05-23T11:40:50","modified_gmt":"2021-05-23T09:40:50","slug":"pain-de-campagne","status":"publish","type":"product","link":"https:\/\/pascalnoppe.com\/index.php\/produit\/pain-de-campagne\/","title":{"rendered":"Pain de Campagne"},"content":{"rendered":"<p>La boule de campagne avec sa croute \u00e9paisse et brune, un pain doux, \u00e0 la saveur l\u00e9g\u00e8rement acidul\u00e9e donn\u00e9 par les m\u00e9langes d&rsquo;ar\u00f4mes de levain de seigle et de bl\u00e9.<\/p>\n","protected":false},"excerpt":{"rendered":"<p>La boule de campagne avec sa croute \u00e9paisse et brune, un pain doux, \u00e0 la saveur l\u00e9g\u00e8rement acidul\u00e9e donn\u00e9 par les m\u00e9langes d&rsquo;ar\u00f4mes de levain de seigle et de bl\u00e9.<\/p>\n","protected":false},"featured_media":1311,"template":"","meta":[],"product_cat":[17,28],"product_tag":[],"_links":{"self":[{"href":"https:\/\/pascalnoppe.com\/index.php\/wp-json\/wp\/v2\/product\/1281"}],"collection":[{"href":"https:\/\/pascalnoppe.com\/index.php\/wp-json\/wp\/v2\/product"}],"about":[{"href":"https:\/\/pascalnoppe.com\/index.php\/wp-json\/wp\/v2\/types\/product"}],"version-history":[{"count":0,"href":"https:\/\/pascalnoppe.com\/index.php\/wp-json\/wp\/v2\/product\/1281\/revisions"}],"wp:featuredmedia":[{"embeddable":true,"href":"https:\/\/pascalnoppe.com\/index.php\/wp-json\/wp\/v2\/media\/1311"}],"wp:attachment":[{"href":"https:\/\/pascalnoppe.com\/index.php\/wp-json\/wp\/v2\/media?parent=1281"}],"wp:term":[{"taxonomy":"product_cat","embeddable":true,"href":"https:\/\/pascalnoppe.com\/index.php\/wp-json\/wp\/v2\/product_cat?post=1281"},{"taxonomy":"product_tag","embeddable":true,"href":"https:\/\/pascalnoppe.com\/index.php\/wp-json\/wp\/v2\/product_tag?post=1281"}],"curies":[{"name":"wp","href":"https:\/\/api.w.org\/{rel}","templated":true}]}}