{"id":1279,"date":"2021-05-23T11:40:37","date_gmt":"2021-05-23T09:40:37","guid":{"rendered":"http:\/\/pascalnoppe.com\/?post_type=product&#038;p=1279"},"modified":"2021-05-23T11:40:49","modified_gmt":"2021-05-23T09:40:49","slug":"les-pains-speciaux","status":"publish","type":"product","link":"https:\/\/pascalnoppe.com\/index.php\/produit\/les-pains-speciaux\/","title":{"rendered":"Les pains sp\u00e9ciaux"},"content":{"rendered":"<p>Cuisson termin\u00e9, les pains sp\u00e9ciaux arrivent au magasin, Pains au levain, au noix, savoyard, \u00e9cureuil, 5 c\u00e9r\u00e8ales, noix raisins, etc&#8230;<\/p>\n","protected":false},"excerpt":{"rendered":"<p>Cuisson termin\u00e9, les pains sp\u00e9ciaux arrivent au magasin, Pains au levain, au noix, savoyard, \u00e9cureuil, 5 c\u00e9r\u00e8ales, noix raisins, etc&#8230;<\/p>\n","protected":false},"featured_media":1309,"template":"","meta":[],"product_cat":[17,28],"product_tag":[],"_links":{"self":[{"href":"https:\/\/pascalnoppe.com\/index.php\/wp-json\/wp\/v2\/product\/1279"}],"collection":[{"href":"https:\/\/pascalnoppe.com\/index.php\/wp-json\/wp\/v2\/product"}],"about":[{"href":"https:\/\/pascalnoppe.com\/index.php\/wp-json\/wp\/v2\/types\/product"}],"version-history":[{"count":0,"href":"https:\/\/pascalnoppe.com\/index.php\/wp-json\/wp\/v2\/product\/1279\/revisions"}],"wp:featuredmedia":[{"embeddable":true,"href":"https:\/\/pascalnoppe.com\/index.php\/wp-json\/wp\/v2\/media\/1309"}],"wp:attachment":[{"href":"https:\/\/pascalnoppe.com\/index.php\/wp-json\/wp\/v2\/media?parent=1279"}],"wp:term":[{"taxonomy":"product_cat","embeddable":true,"href":"https:\/\/pascalnoppe.com\/index.php\/wp-json\/wp\/v2\/product_cat?post=1279"},{"taxonomy":"product_tag","embeddable":true,"href":"https:\/\/pascalnoppe.com\/index.php\/wp-json\/wp\/v2\/product_tag?post=1279"}],"curies":[{"name":"wp","href":"https:\/\/api.w.org\/{rel}","templated":true}]}}