{"id":1273,"date":"2021-05-23T11:40:37","date_gmt":"2021-05-23T09:40:37","guid":{"rendered":"http:\/\/pascalnoppe.com\/?post_type=product&#038;p=1273"},"modified":"2021-05-23T11:40:46","modified_gmt":"2021-05-23T09:40:46","slug":"pain-5-cereales","status":"publish","type":"product","link":"https:\/\/pascalnoppe.com\/index.php\/produit\/pain-5-cereales\/","title":{"rendered":"Pain 5 c\u00e9r\u00e9ales"},"content":{"rendered":"<p>pain au levain aux 5 c\u00e9r\u00e9ales.<\/p>\n","protected":false},"excerpt":{"rendered":"<p>pain au levain aux 5 c\u00e9r\u00e9ales.<\/p>\n","protected":false},"featured_media":1303,"template":"","meta":[],"product_cat":[17,28],"product_tag":[],"_links":{"self":[{"href":"https:\/\/pascalnoppe.com\/index.php\/wp-json\/wp\/v2\/product\/1273"}],"collection":[{"href":"https:\/\/pascalnoppe.com\/index.php\/wp-json\/wp\/v2\/product"}],"about":[{"href":"https:\/\/pascalnoppe.com\/index.php\/wp-json\/wp\/v2\/types\/product"}],"version-history":[{"count":0,"href":"https:\/\/pascalnoppe.com\/index.php\/wp-json\/wp\/v2\/product\/1273\/revisions"}],"wp:featuredmedia":[{"embeddable":true,"href":"https:\/\/pascalnoppe.com\/index.php\/wp-json\/wp\/v2\/media\/1303"}],"wp:attachment":[{"href":"https:\/\/pascalnoppe.com\/index.php\/wp-json\/wp\/v2\/media?parent=1273"}],"wp:term":[{"taxonomy":"product_cat","embeddable":true,"href":"https:\/\/pascalnoppe.com\/index.php\/wp-json\/wp\/v2\/product_cat?post=1273"},{"taxonomy":"product_tag","embeddable":true,"href":"https:\/\/pascalnoppe.com\/index.php\/wp-json\/wp\/v2\/product_tag?post=1273"}],"curies":[{"name":"wp","href":"https:\/\/api.w.org\/{rel}","templated":true}]}}