{"id":1269,"date":"2021-05-23T11:40:36","date_gmt":"2021-05-23T09:40:36","guid":{"rendered":"http:\/\/pascalnoppe.com\/?post_type=product&#038;p=1269"},"modified":"2021-06-19T20:14:28","modified_gmt":"2021-06-19T18:14:28","slug":"tour-de-macarons","status":"publish","type":"product","link":"https:\/\/pascalnoppe.com\/index.php\/produit\/tour-de-macarons\/","title":{"rendered":"Tour de Macarons"},"content":{"rendered":"<p>Pour l&rsquo;occasion \u00e0 Bercy , pour W.F.S<\/p>\n<div>Tour de Macarons\u00a0 avec Logo , sur 2 \u00e9tages,<\/div>\n<div>plus de 400 Macarons assortis , beaucoup de couleurs ,<\/div>\n<div>une soir\u00e9e exceptionnel,<\/div>\n<div>le logo r\u00e9aliser en pastillage ,<\/div>\n","protected":false},"excerpt":{"rendered":"<p>Pour l&rsquo;occasion \u00e0 Bercy , pour W.F.S Tour de Macarons\u00a0 avec Logo , sur 2 \u00e9tages, plus de 400 Macarons assortis , beaucoup de couleurs , une soir\u00e9e exceptionnel, le logo r\u00e9aliser en pastillage ,<\/p>\n","protected":false},"featured_media":1299,"template":"","meta":[],"product_cat":[17,27],"product_tag":[],"_links":{"self":[{"href":"https:\/\/pascalnoppe.com\/index.php\/wp-json\/wp\/v2\/product\/1269"}],"collection":[{"href":"https:\/\/pascalnoppe.com\/index.php\/wp-json\/wp\/v2\/product"}],"about":[{"href":"https:\/\/pascalnoppe.com\/index.php\/wp-json\/wp\/v2\/types\/product"}],"version-history":[{"count":2,"href":"https:\/\/pascalnoppe.com\/index.php\/wp-json\/wp\/v2\/product\/1269\/revisions"}],"predecessor-version":[{"id":1868,"href":"https:\/\/pascalnoppe.com\/index.php\/wp-json\/wp\/v2\/product\/1269\/revisions\/1868"}],"wp:featuredmedia":[{"embeddable":true,"href":"https:\/\/pascalnoppe.com\/index.php\/wp-json\/wp\/v2\/media\/1299"}],"wp:attachment":[{"href":"https:\/\/pascalnoppe.com\/index.php\/wp-json\/wp\/v2\/media?parent=1269"}],"wp:term":[{"taxonomy":"product_cat","embeddable":true,"href":"https:\/\/pascalnoppe.com\/index.php\/wp-json\/wp\/v2\/product_cat?post=1269"},{"taxonomy":"product_tag","embeddable":true,"href":"https:\/\/pascalnoppe.com\/index.php\/wp-json\/wp\/v2\/product_tag?post=1269"}],"curies":[{"name":"wp","href":"https:\/\/api.w.org\/{rel}","templated":true}]}}