{"id":1267,"date":"2021-05-23T11:40:36","date_gmt":"2021-05-23T09:40:36","guid":{"rendered":"http:\/\/pascalnoppe.com\/?post_type=product&#038;p=1267"},"modified":"2021-06-19T20:09:40","modified_gmt":"2021-06-19T18:09:40","slug":"piece-montee","status":"publish","type":"product","link":"https:\/\/pascalnoppe.com\/index.php\/produit\/piece-montee\/","title":{"rendered":"Pi\u00e8ce Mont\u00e9e"},"content":{"rendered":"<p>Pi\u00e8ce mont\u00e9e ,<\/p>\n<div>en forme de 30 , pour un anniversaire ,<\/div>\n<div>minimum 70 choux , r\u00e9aliser pour une commande sp\u00e9ciale,<\/div>\n<div>nougatine et choux caram\u00e9lis\u00e9s , d\u00e9cor l\u00e9ger,<\/div>\n<div><\/div>\n","protected":false},"excerpt":{"rendered":"<p>Pi\u00e8ce mont\u00e9e , en forme de 30 , pour un anniversaire , minimum 70 choux , r\u00e9aliser pour une commande sp\u00e9ciale, nougatine et choux caram\u00e9lis\u00e9s , d\u00e9cor l\u00e9ger,<\/p>\n","protected":false},"featured_media":1297,"template":"","meta":[],"product_cat":[17,27],"product_tag":[],"_links":{"self":[{"href":"https:\/\/pascalnoppe.com\/index.php\/wp-json\/wp\/v2\/product\/1267"}],"collection":[{"href":"https:\/\/pascalnoppe.com\/index.php\/wp-json\/wp\/v2\/product"}],"about":[{"href":"https:\/\/pascalnoppe.com\/index.php\/wp-json\/wp\/v2\/types\/product"}],"version-history":[{"count":2,"href":"https:\/\/pascalnoppe.com\/index.php\/wp-json\/wp\/v2\/product\/1267\/revisions"}],"predecessor-version":[{"id":1864,"href":"https:\/\/pascalnoppe.com\/index.php\/wp-json\/wp\/v2\/product\/1267\/revisions\/1864"}],"wp:featuredmedia":[{"embeddable":true,"href":"https:\/\/pascalnoppe.com\/index.php\/wp-json\/wp\/v2\/media\/1297"}],"wp:attachment":[{"href":"https:\/\/pascalnoppe.com\/index.php\/wp-json\/wp\/v2\/media?parent=1267"}],"wp:term":[{"taxonomy":"product_cat","embeddable":true,"href":"https:\/\/pascalnoppe.com\/index.php\/wp-json\/wp\/v2\/product_cat?post=1267"},{"taxonomy":"product_tag","embeddable":true,"href":"https:\/\/pascalnoppe.com\/index.php\/wp-json\/wp\/v2\/product_tag?post=1267"}],"curies":[{"name":"wp","href":"https:\/\/api.w.org\/{rel}","templated":true}]}}