{"id":1265,"date":"2021-05-23T11:40:36","date_gmt":"2021-05-23T09:40:36","guid":{"rendered":"http:\/\/pascalnoppe.com\/?post_type=product&#038;p=1265"},"modified":"2021-06-19T19:47:59","modified_gmt":"2021-06-19T17:47:59","slug":"wedding-au-chateau-de-chantilly","status":"publish","type":"product","link":"https:\/\/pascalnoppe.com\/index.php\/produit\/wedding-au-chateau-de-chantilly\/","title":{"rendered":"Wedding au Ch\u00e2teau de Chantilly"},"content":{"rendered":"<p>Ici dans l&rsquo;ambiance de la salle , encore en pr\u00e9paration avant le d\u00e9part de la c\u00e9r\u00e9monie,<\/p>\n<p>Une grande Soir\u00e9e , un moment inoubliable, le traiteur indien \u00e9tait de Londres<\/p>\n<p>&nbsp;<\/p>\n","protected":false},"excerpt":{"rendered":"<p>Ici dans l&rsquo;ambiance de la salle , encore en pr\u00e9paration avant le d\u00e9part de la c\u00e9r\u00e9monie, Une grande Soir\u00e9e , un moment inoubliable, le traiteur indien \u00e9tait de Londres &nbsp;<\/p>\n","protected":false},"featured_media":1295,"template":"","meta":[],"product_cat":[17,27],"product_tag":[],"_links":{"self":[{"href":"https:\/\/pascalnoppe.com\/index.php\/wp-json\/wp\/v2\/product\/1265"}],"collection":[{"href":"https:\/\/pascalnoppe.com\/index.php\/wp-json\/wp\/v2\/product"}],"about":[{"href":"https:\/\/pascalnoppe.com\/index.php\/wp-json\/wp\/v2\/types\/product"}],"version-history":[{"count":2,"href":"https:\/\/pascalnoppe.com\/index.php\/wp-json\/wp\/v2\/product\/1265\/revisions"}],"predecessor-version":[{"id":1860,"href":"https:\/\/pascalnoppe.com\/index.php\/wp-json\/wp\/v2\/product\/1265\/revisions\/1860"}],"wp:featuredmedia":[{"embeddable":true,"href":"https:\/\/pascalnoppe.com\/index.php\/wp-json\/wp\/v2\/media\/1295"}],"wp:attachment":[{"href":"https:\/\/pascalnoppe.com\/index.php\/wp-json\/wp\/v2\/media?parent=1265"}],"wp:term":[{"taxonomy":"product_cat","embeddable":true,"href":"https:\/\/pascalnoppe.com\/index.php\/wp-json\/wp\/v2\/product_cat?post=1265"},{"taxonomy":"product_tag","embeddable":true,"href":"https:\/\/pascalnoppe.com\/index.php\/wp-json\/wp\/v2\/product_tag?post=1265"}],"curies":[{"name":"wp","href":"https:\/\/api.w.org\/{rel}","templated":true}]}}