{"id":1264,"date":"2021-05-23T11:40:36","date_gmt":"2021-05-23T09:40:36","guid":{"rendered":"http:\/\/pascalnoppe.com\/?post_type=product&#038;p=1264"},"modified":"2021-06-19T19:46:22","modified_gmt":"2021-06-19T17:46:22","slug":"mariage-au-chateau-de-chantilly","status":"publish","type":"product","link":"https:\/\/pascalnoppe.com\/index.php\/produit\/mariage-au-chateau-de-chantilly\/","title":{"rendered":"Mariage au ch\u00e2teau de Chantilly"},"content":{"rendered":"<p>G\u00e2teau am\u00e9ricain ici pour un Mariage Indien au Ch\u00e2teau de Chantilly,<\/p>\n<div>sur 6 \u00e9tages , pour l&rsquo;occasion beaucoup de fleurs&#8230;<\/div>\n<div>Un grand moment \u00e0 Chantilly , magique ,<\/div>\n","protected":false},"excerpt":{"rendered":"<p>G\u00e2teau am\u00e9ricain ici pour un Mariage Indien au Ch\u00e2teau de Chantilly, sur 6 \u00e9tages , pour l&rsquo;occasion beaucoup de fleurs&#8230; Un grand moment \u00e0 Chantilly , magique ,<\/p>\n","protected":false},"featured_media":1294,"template":"","meta":[],"product_cat":[17,27],"product_tag":[],"_links":{"self":[{"href":"https:\/\/pascalnoppe.com\/index.php\/wp-json\/wp\/v2\/product\/1264"}],"collection":[{"href":"https:\/\/pascalnoppe.com\/index.php\/wp-json\/wp\/v2\/product"}],"about":[{"href":"https:\/\/pascalnoppe.com\/index.php\/wp-json\/wp\/v2\/types\/product"}],"version-history":[{"count":2,"href":"https:\/\/pascalnoppe.com\/index.php\/wp-json\/wp\/v2\/product\/1264\/revisions"}],"predecessor-version":[{"id":1858,"href":"https:\/\/pascalnoppe.com\/index.php\/wp-json\/wp\/v2\/product\/1264\/revisions\/1858"}],"wp:featuredmedia":[{"embeddable":true,"href":"https:\/\/pascalnoppe.com\/index.php\/wp-json\/wp\/v2\/media\/1294"}],"wp:attachment":[{"href":"https:\/\/pascalnoppe.com\/index.php\/wp-json\/wp\/v2\/media?parent=1264"}],"wp:term":[{"taxonomy":"product_cat","embeddable":true,"href":"https:\/\/pascalnoppe.com\/index.php\/wp-json\/wp\/v2\/product_cat?post=1264"},{"taxonomy":"product_tag","embeddable":true,"href":"https:\/\/pascalnoppe.com\/index.php\/wp-json\/wp\/v2\/product_tag?post=1264"}],"curies":[{"name":"wp","href":"https:\/\/api.w.org\/{rel}","templated":true}]}}