{"id":1261,"date":"2021-05-23T11:40:36","date_gmt":"2021-05-23T09:40:36","guid":{"rendered":"http:\/\/pascalnoppe.com\/?post_type=product&#038;p=1261"},"modified":"2021-05-23T11:40:41","modified_gmt":"2021-05-23T09:40:41","slug":"tarte-aux-fraises-2","status":"publish","type":"product","link":"https:\/\/pascalnoppe.com\/index.php\/produit\/tarte-aux-fraises-2\/","title":{"rendered":"Tarte aux fraises"},"content":{"rendered":"<p>Une belle tarte aux fraises pour 40 pers, p\u00e2te feuillet\u00e9e, cr\u00e9me d&rsquo;amande, cr\u00e9me p\u00e2tissiere, et des fraises, beaucoup de fraises &#8230;<\/p>\n","protected":false},"excerpt":{"rendered":"<p>Une belle tarte aux fraises pour 40 pers, p\u00e2te feuillet\u00e9e, cr\u00e9me d&rsquo;amande, cr\u00e9me p\u00e2tissiere, et des fraises, beaucoup de fraises &#8230;<\/p>\n","protected":false},"featured_media":1291,"template":"","meta":[],"product_cat":[17,27],"product_tag":[],"_links":{"self":[{"href":"https:\/\/pascalnoppe.com\/index.php\/wp-json\/wp\/v2\/product\/1261"}],"collection":[{"href":"https:\/\/pascalnoppe.com\/index.php\/wp-json\/wp\/v2\/product"}],"about":[{"href":"https:\/\/pascalnoppe.com\/index.php\/wp-json\/wp\/v2\/types\/product"}],"version-history":[{"count":0,"href":"https:\/\/pascalnoppe.com\/index.php\/wp-json\/wp\/v2\/product\/1261\/revisions"}],"wp:featuredmedia":[{"embeddable":true,"href":"https:\/\/pascalnoppe.com\/index.php\/wp-json\/wp\/v2\/media\/1291"}],"wp:attachment":[{"href":"https:\/\/pascalnoppe.com\/index.php\/wp-json\/wp\/v2\/media?parent=1261"}],"wp:term":[{"taxonomy":"product_cat","embeddable":true,"href":"https:\/\/pascalnoppe.com\/index.php\/wp-json\/wp\/v2\/product_cat?post=1261"},{"taxonomy":"product_tag","embeddable":true,"href":"https:\/\/pascalnoppe.com\/index.php\/wp-json\/wp\/v2\/product_tag?post=1261"}],"curies":[{"name":"wp","href":"https:\/\/api.w.org\/{rel}","templated":true}]}}