{"id":1260,"date":"2021-05-23T11:40:36","date_gmt":"2021-05-23T09:40:36","guid":{"rendered":"http:\/\/pascalnoppe.com\/?post_type=product&#038;p=1260"},"modified":"2021-06-27T11:06:03","modified_gmt":"2021-06-27T09:06:03","slug":"sensation-poire-chocolat-3","status":"publish","type":"product","link":"https:\/\/pascalnoppe.com\/index.php\/produit\/sensation-poire-chocolat-3\/","title":{"rendered":"Sensation poire chocolat"},"content":{"rendered":"<p>Un sensation poire chocolat pour 16 pers, d\u00e9corer pour un anniversaire.<\/p>\n<p>un d\u00e9lice, caramel de poires au sel de Gu\u00e9rande, poire vanill\u00e9es confites, dacquoise chocolat, mousse chocolat noire et croquant de pralin\u00e9,<\/p>\n<p>&nbsp;<\/p>\n","protected":false},"excerpt":{"rendered":"<p>Un sensation poire chocolat pour 16 pers, d\u00e9corer pour un anniversaire. un d\u00e9lice, caramel de poires au sel de Gu\u00e9rande, poire vanill\u00e9es confites, dacquoise chocolat, mousse chocolat noire et croquant de pralin\u00e9, &nbsp;<\/p>\n","protected":false},"featured_media":1290,"template":"","meta":[],"product_cat":[17,27],"product_tag":[],"_links":{"self":[{"href":"https:\/\/pascalnoppe.com\/index.php\/wp-json\/wp\/v2\/product\/1260"}],"collection":[{"href":"https:\/\/pascalnoppe.com\/index.php\/wp-json\/wp\/v2\/product"}],"about":[{"href":"https:\/\/pascalnoppe.com\/index.php\/wp-json\/wp\/v2\/types\/product"}],"version-history":[{"count":2,"href":"https:\/\/pascalnoppe.com\/index.php\/wp-json\/wp\/v2\/product\/1260\/revisions"}],"predecessor-version":[{"id":1960,"href":"https:\/\/pascalnoppe.com\/index.php\/wp-json\/wp\/v2\/product\/1260\/revisions\/1960"}],"wp:featuredmedia":[{"embeddable":true,"href":"https:\/\/pascalnoppe.com\/index.php\/wp-json\/wp\/v2\/media\/1290"}],"wp:attachment":[{"href":"https:\/\/pascalnoppe.com\/index.php\/wp-json\/wp\/v2\/media?parent=1260"}],"wp:term":[{"taxonomy":"product_cat","embeddable":true,"href":"https:\/\/pascalnoppe.com\/index.php\/wp-json\/wp\/v2\/product_cat?post=1260"},{"taxonomy":"product_tag","embeddable":true,"href":"https:\/\/pascalnoppe.com\/index.php\/wp-json\/wp\/v2\/product_tag?post=1260"}],"curies":[{"name":"wp","href":"https:\/\/api.w.org\/{rel}","templated":true}]}}