{"id":1259,"date":"2021-05-23T11:40:35","date_gmt":"2021-05-23T09:40:35","guid":{"rendered":"http:\/\/pascalnoppe.com\/?post_type=product&#038;p=1259"},"modified":"2021-06-23T13:59:03","modified_gmt":"2021-06-23T11:59:03","slug":"sensation-vanille","status":"publish","type":"product","link":"https:\/\/pascalnoppe.com\/index.php\/produit\/sensation-vanille\/","title":{"rendered":"Sensation vanille"},"content":{"rendered":"<p>Ici un beau soleil, r\u00e9aliser sur un sensation vanille de 16 pers, d\u00e9corer \u00e0 la demande du client,<\/p>\n<p>r\u00e9aliser en p\u00e2te \u00e0 sucre et dessiner \u00e0 la main , couleur \u00e0 l&rsquo;a\u00e9rographe,<\/p>\n","protected":false},"excerpt":{"rendered":"<p>Ici un beau soleil, r\u00e9aliser sur un sensation vanille de 16 pers, d\u00e9corer \u00e0 la demande du client, r\u00e9aliser en p\u00e2te \u00e0 sucre et dessiner \u00e0 la main , couleur \u00e0 l&rsquo;a\u00e9rographe,<\/p>\n","protected":false},"featured_media":1289,"template":"","meta":[],"product_cat":[17,27],"product_tag":[],"_links":{"self":[{"href":"https:\/\/pascalnoppe.com\/index.php\/wp-json\/wp\/v2\/product\/1259"}],"collection":[{"href":"https:\/\/pascalnoppe.com\/index.php\/wp-json\/wp\/v2\/product"}],"about":[{"href":"https:\/\/pascalnoppe.com\/index.php\/wp-json\/wp\/v2\/types\/product"}],"version-history":[{"count":2,"href":"https:\/\/pascalnoppe.com\/index.php\/wp-json\/wp\/v2\/product\/1259\/revisions"}],"predecessor-version":[{"id":1878,"href":"https:\/\/pascalnoppe.com\/index.php\/wp-json\/wp\/v2\/product\/1259\/revisions\/1878"}],"wp:featuredmedia":[{"embeddable":true,"href":"https:\/\/pascalnoppe.com\/index.php\/wp-json\/wp\/v2\/media\/1289"}],"wp:attachment":[{"href":"https:\/\/pascalnoppe.com\/index.php\/wp-json\/wp\/v2\/media?parent=1259"}],"wp:term":[{"taxonomy":"product_cat","embeddable":true,"href":"https:\/\/pascalnoppe.com\/index.php\/wp-json\/wp\/v2\/product_cat?post=1259"},{"taxonomy":"product_tag","embeddable":true,"href":"https:\/\/pascalnoppe.com\/index.php\/wp-json\/wp\/v2\/product_tag?post=1259"}],"curies":[{"name":"wp","href":"https:\/\/api.w.org\/{rel}","templated":true}]}}