{"id":1257,"date":"2021-05-23T11:40:35","date_gmt":"2021-05-23T09:40:35","guid":{"rendered":"http:\/\/pascalnoppe.com\/?post_type=product&#038;p=1257"},"modified":"2021-06-20T13:27:40","modified_gmt":"2021-06-20T11:27:40","slug":"opera-cafe-chocolat-3","status":"publish","type":"product","link":"https:\/\/pascalnoppe.com\/index.php\/produit\/opera-cafe-chocolat-3\/","title":{"rendered":"Op\u00e9ra caf\u00e9 chocolat"},"content":{"rendered":"<p>Op\u00e9ra caf\u00e9 chocolat pour 16 pers, d\u00e9corer pour l&rsquo;occasion.<\/p>\n<p>biscuit sacher, sirop caf\u00e9 et whisky , ganache chocolat noir , biscuit p\u00e2te \u00e0 buche aux amandes, cr\u00e8me au beurre caf\u00e9,<\/p>\n<p>un d\u00e9lice , le secret d&rsquo;un bon op\u00e9ra est d&rsquo;avoir les biscuits imbib\u00e9 correctement ,<\/p>\n<p>&nbsp;<\/p>\n","protected":false},"excerpt":{"rendered":"<p>Op\u00e9ra caf\u00e9 chocolat pour 16 pers, d\u00e9corer pour l&rsquo;occasion. biscuit sacher, sirop caf\u00e9 et whisky , ganache chocolat noir , biscuit p\u00e2te \u00e0 buche aux amandes, cr\u00e8me au beurre caf\u00e9, un d\u00e9lice , le secret d&rsquo;un bon op\u00e9ra est d&rsquo;avoir les biscuits imbib\u00e9 correctement , &nbsp;<\/p>\n","protected":false},"featured_media":1287,"template":"","meta":[],"product_cat":[17,27],"product_tag":[],"_links":{"self":[{"href":"https:\/\/pascalnoppe.com\/index.php\/wp-json\/wp\/v2\/product\/1257"}],"collection":[{"href":"https:\/\/pascalnoppe.com\/index.php\/wp-json\/wp\/v2\/product"}],"about":[{"href":"https:\/\/pascalnoppe.com\/index.php\/wp-json\/wp\/v2\/types\/product"}],"version-history":[{"count":2,"href":"https:\/\/pascalnoppe.com\/index.php\/wp-json\/wp\/v2\/product\/1257\/revisions"}],"predecessor-version":[{"id":1874,"href":"https:\/\/pascalnoppe.com\/index.php\/wp-json\/wp\/v2\/product\/1257\/revisions\/1874"}],"wp:featuredmedia":[{"embeddable":true,"href":"https:\/\/pascalnoppe.com\/index.php\/wp-json\/wp\/v2\/media\/1287"}],"wp:attachment":[{"href":"https:\/\/pascalnoppe.com\/index.php\/wp-json\/wp\/v2\/media?parent=1257"}],"wp:term":[{"taxonomy":"product_cat","embeddable":true,"href":"https:\/\/pascalnoppe.com\/index.php\/wp-json\/wp\/v2\/product_cat?post=1257"},{"taxonomy":"product_tag","embeddable":true,"href":"https:\/\/pascalnoppe.com\/index.php\/wp-json\/wp\/v2\/product_tag?post=1257"}],"curies":[{"name":"wp","href":"https:\/\/api.w.org\/{rel}","templated":true}]}}