{"id":1256,"date":"2021-05-23T11:40:35","date_gmt":"2021-05-23T09:40:35","guid":{"rendered":"http:\/\/pascalnoppe.com\/?post_type=product&#038;p=1256"},"modified":"2021-06-20T13:25:00","modified_gmt":"2021-06-20T11:25:00","slug":"angry-bird","status":"publish","type":"product","link":"https:\/\/pascalnoppe.com\/index.php\/produit\/angry-bird\/","title":{"rendered":"Angry bird"},"content":{"rendered":"<p>Angry bird \u00e0 l&rsquo;occasion pour l&rsquo;anniversaire de Mathis , pour 32 pers, un g\u00e2teau style am\u00e9ricain, comme un fraisier,<\/p>\n<p>r\u00e9aliser \u00e0 la main , les couleurs \u00e0 l&rsquo;a\u00e9rographe, une touche personnel , c&rsquo;est toujours magique pour les enfants , et en plus \u00e7\u00e0 se mange.,<\/p>\n","protected":false},"excerpt":{"rendered":"<p>Angry bird \u00e0 l&rsquo;occasion pour l&rsquo;anniversaire de Mathis , pour 32 pers, un g\u00e2teau style am\u00e9ricain, comme un fraisier, r\u00e9aliser \u00e0 la main , les couleurs \u00e0 l&rsquo;a\u00e9rographe, une touche personnel , c&rsquo;est toujours magique pour les enfants , et en plus \u00e7\u00e0 se mange.,<\/p>\n","protected":false},"featured_media":1286,"template":"","meta":[],"product_cat":[17,27],"product_tag":[],"_links":{"self":[{"href":"https:\/\/pascalnoppe.com\/index.php\/wp-json\/wp\/v2\/product\/1256"}],"collection":[{"href":"https:\/\/pascalnoppe.com\/index.php\/wp-json\/wp\/v2\/product"}],"about":[{"href":"https:\/\/pascalnoppe.com\/index.php\/wp-json\/wp\/v2\/types\/product"}],"version-history":[{"count":2,"href":"https:\/\/pascalnoppe.com\/index.php\/wp-json\/wp\/v2\/product\/1256\/revisions"}],"predecessor-version":[{"id":1872,"href":"https:\/\/pascalnoppe.com\/index.php\/wp-json\/wp\/v2\/product\/1256\/revisions\/1872"}],"wp:featuredmedia":[{"embeddable":true,"href":"https:\/\/pascalnoppe.com\/index.php\/wp-json\/wp\/v2\/media\/1286"}],"wp:attachment":[{"href":"https:\/\/pascalnoppe.com\/index.php\/wp-json\/wp\/v2\/media?parent=1256"}],"wp:term":[{"taxonomy":"product_cat","embeddable":true,"href":"https:\/\/pascalnoppe.com\/index.php\/wp-json\/wp\/v2\/product_cat?post=1256"},{"taxonomy":"product_tag","embeddable":true,"href":"https:\/\/pascalnoppe.com\/index.php\/wp-json\/wp\/v2\/product_tag?post=1256"}],"curies":[{"name":"wp","href":"https:\/\/api.w.org\/{rel}","templated":true}]}}