{"id":1255,"date":"2021-05-23T11:40:35","date_gmt":"2021-05-23T09:40:35","guid":{"rendered":"http:\/\/pascalnoppe.com\/?post_type=product&#038;p=1255"},"modified":"2021-06-20T13:21:16","modified_gmt":"2021-06-20T11:21:16","slug":"moment-photos","status":"publish","type":"product","link":"https:\/\/pascalnoppe.com\/index.php\/produit\/moment-photos\/","title":{"rendered":"moment photos"},"content":{"rendered":"<p>Il y a aussi le moment des photos quand la Pi\u00e8ce de prestige est sur le buffet avec les Mari\u00e9s et tous leurs convives, Moment magique,<\/p>\n<p>les Mari\u00e9s sont l\u00e0 , tous les invit\u00e9s aussi , les appareils photos en Mains , la pi\u00e8ce mont\u00e9e et les entremets sont pr\u00eats , le couple de Mari\u00e9 ont le couteau en mains et c&rsquo;est parti , \u00e7\u00e0 flash de partout , le bonheur est immense.<\/p>\n","protected":false},"excerpt":{"rendered":"<p>Il y a aussi le moment des photos quand la Pi\u00e8ce de prestige est sur le buffet avec les Mari\u00e9s et tous leurs convives, Moment magique, les Mari\u00e9s sont l\u00e0 , tous les invit\u00e9s aussi , les appareils photos en Mains , la pi\u00e8ce mont\u00e9e et les entremets sont pr\u00eats , le couple de Mari\u00e9 [&hellip;]<\/p>\n","protected":false},"featured_media":1285,"template":"","meta":[],"product_cat":[17,27],"product_tag":[],"_links":{"self":[{"href":"https:\/\/pascalnoppe.com\/index.php\/wp-json\/wp\/v2\/product\/1255"}],"collection":[{"href":"https:\/\/pascalnoppe.com\/index.php\/wp-json\/wp\/v2\/product"}],"about":[{"href":"https:\/\/pascalnoppe.com\/index.php\/wp-json\/wp\/v2\/types\/product"}],"version-history":[{"count":2,"href":"https:\/\/pascalnoppe.com\/index.php\/wp-json\/wp\/v2\/product\/1255\/revisions"}],"predecessor-version":[{"id":1870,"href":"https:\/\/pascalnoppe.com\/index.php\/wp-json\/wp\/v2\/product\/1255\/revisions\/1870"}],"wp:featuredmedia":[{"embeddable":true,"href":"https:\/\/pascalnoppe.com\/index.php\/wp-json\/wp\/v2\/media\/1285"}],"wp:attachment":[{"href":"https:\/\/pascalnoppe.com\/index.php\/wp-json\/wp\/v2\/media?parent=1255"}],"wp:term":[{"taxonomy":"product_cat","embeddable":true,"href":"https:\/\/pascalnoppe.com\/index.php\/wp-json\/wp\/v2\/product_cat?post=1255"},{"taxonomy":"product_tag","embeddable":true,"href":"https:\/\/pascalnoppe.com\/index.php\/wp-json\/wp\/v2\/product_tag?post=1255"}],"curies":[{"name":"wp","href":"https:\/\/api.w.org\/{rel}","templated":true}]}}