{"id":1223,"date":"2021-05-23T11:40:19","date_gmt":"2021-05-23T09:40:19","guid":{"rendered":"http:\/\/pascalnoppe.com\/?post_type=product&#038;p=1223"},"modified":"2021-06-25T20:33:17","modified_gmt":"2021-06-25T18:33:17","slug":"cube-de-choux-et-nougatine","status":"publish","type":"product","link":"https:\/\/pascalnoppe.com\/index.php\/produit\/cube-de-choux-et-nougatine\/","title":{"rendered":"Cube de choux et nougatine"},"content":{"rendered":"<p>Fa\u00e7on pi\u00e8ce mont\u00e9e, pour un buffet, choux caram\u00e9lis\u00e9s avec des sucre de couleur, garni cr\u00e8me vanille, ou chocolat, ou caf\u00e9 ou au Grand-Marnier, base de cube de 15cm de diam\u00e8tre avec environ 50 choux base de cube de 20cm de diam\u00e8tre avec environ 80 choux cube en nougatine 6 faces, moins fragile, plus facile \u00e0 transporter.,<\/p>\n<p>Les pi\u00e8ces mont\u00e9es sont un des dessert favoris pour les mariages et autres occasion, et ont un effet magique toujours quand le moment du dessert arrive,<\/p>\n<p>le sucr\u00e9 peut faire oublier en un clin d&rsquo;\u0153il tout le repas du Chef Cuisinier , c&rsquo;est comme \u00e7\u00e0 la Magie,<\/p>\n","protected":false},"excerpt":{"rendered":"<p>Fa\u00e7on pi\u00e8ce mont\u00e9e, pour un buffet, choux caram\u00e9lis\u00e9s avec des sucre de couleur, garni cr\u00e8me vanille, ou chocolat, ou caf\u00e9 ou au Grand-Marnier, base de cube de 15cm de diam\u00e8tre avec environ 50 choux base de cube de 20cm de diam\u00e8tre avec environ 80 choux cube en nougatine 6 faces, moins fragile, plus facile \u00e0 [&hellip;]<\/p>\n","protected":false},"featured_media":1253,"template":"","meta":[],"product_cat":[17,27],"product_tag":[],"_links":{"self":[{"href":"https:\/\/pascalnoppe.com\/index.php\/wp-json\/wp\/v2\/product\/1223"}],"collection":[{"href":"https:\/\/pascalnoppe.com\/index.php\/wp-json\/wp\/v2\/product"}],"about":[{"href":"https:\/\/pascalnoppe.com\/index.php\/wp-json\/wp\/v2\/types\/product"}],"version-history":[{"count":2,"href":"https:\/\/pascalnoppe.com\/index.php\/wp-json\/wp\/v2\/product\/1223\/revisions"}],"predecessor-version":[{"id":1893,"href":"https:\/\/pascalnoppe.com\/index.php\/wp-json\/wp\/v2\/product\/1223\/revisions\/1893"}],"wp:featuredmedia":[{"embeddable":true,"href":"https:\/\/pascalnoppe.com\/index.php\/wp-json\/wp\/v2\/media\/1253"}],"wp:attachment":[{"href":"https:\/\/pascalnoppe.com\/index.php\/wp-json\/wp\/v2\/media?parent=1223"}],"wp:term":[{"taxonomy":"product_cat","embeddable":true,"href":"https:\/\/pascalnoppe.com\/index.php\/wp-json\/wp\/v2\/product_cat?post=1223"},{"taxonomy":"product_tag","embeddable":true,"href":"https:\/\/pascalnoppe.com\/index.php\/wp-json\/wp\/v2\/product_tag?post=1223"}],"curies":[{"name":"wp","href":"https:\/\/api.w.org\/{rel}","templated":true}]}}