{"id":1222,"date":"2021-05-23T11:40:19","date_gmt":"2021-05-23T09:40:19","guid":{"rendered":"http:\/\/pascalnoppe.com\/?post_type=product&#038;p=1222"},"modified":"2021-05-23T11:40:33","modified_gmt":"2021-05-23T09:40:33","slug":"gateau-style-americain-avec-mini","status":"publish","type":"product","link":"https:\/\/pascalnoppe.com\/index.php\/produit\/gateau-style-americain-avec-mini\/","title":{"rendered":"G\u00e2teau style am\u00e9ricain avec Mini"},"content":{"rendered":"<p>Pour 16 pers, ici style am\u00e9ricain et repr\u00e9sentation de Mini en relief sur le dessus du g\u00e2teau, &nbsp;<\/p>\n","protected":false},"excerpt":{"rendered":"<p>Pour 16 pers, ici style am\u00e9ricain et repr\u00e9sentation de Mini en relief sur le dessus du g\u00e2teau, &nbsp;<\/p>\n","protected":false},"featured_media":1252,"template":"","meta":[],"product_cat":[17,27],"product_tag":[],"_links":{"self":[{"href":"https:\/\/pascalnoppe.com\/index.php\/wp-json\/wp\/v2\/product\/1222"}],"collection":[{"href":"https:\/\/pascalnoppe.com\/index.php\/wp-json\/wp\/v2\/product"}],"about":[{"href":"https:\/\/pascalnoppe.com\/index.php\/wp-json\/wp\/v2\/types\/product"}],"version-history":[{"count":0,"href":"https:\/\/pascalnoppe.com\/index.php\/wp-json\/wp\/v2\/product\/1222\/revisions"}],"wp:featuredmedia":[{"embeddable":true,"href":"https:\/\/pascalnoppe.com\/index.php\/wp-json\/wp\/v2\/media\/1252"}],"wp:attachment":[{"href":"https:\/\/pascalnoppe.com\/index.php\/wp-json\/wp\/v2\/media?parent=1222"}],"wp:term":[{"taxonomy":"product_cat","embeddable":true,"href":"https:\/\/pascalnoppe.com\/index.php\/wp-json\/wp\/v2\/product_cat?post=1222"},{"taxonomy":"product_tag","embeddable":true,"href":"https:\/\/pascalnoppe.com\/index.php\/wp-json\/wp\/v2\/product_tag?post=1222"}],"curies":[{"name":"wp","href":"https:\/\/api.w.org\/{rel}","templated":true}]}}