{"id":1221,"date":"2021-05-23T11:40:19","date_gmt":"2021-05-23T09:40:19","guid":{"rendered":"http:\/\/pascalnoppe.com\/?post_type=product&#038;p=1221"},"modified":"2021-06-23T14:20:32","modified_gmt":"2021-06-23T12:20:32","slug":"gateau-style-americain-2","status":"publish","type":"product","link":"https:\/\/pascalnoppe.com\/index.php\/produit\/gateau-style-americain-2\/","title":{"rendered":"G\u00e2teau style am\u00e9ricain"},"content":{"rendered":"<p>ici sur 5 \u00e9tage , d\u00e9corer avec une pr\u00e9sentation de fleurs tout en pastillage, les g\u00e2teau am\u00e9ricain sont d\u00e9corer \u00e0 la demande du client en fonction de la possibilit\u00e9 de r\u00e9alisation, les clients souvent apporte une photo, et ensuite je vous confirme si cela est possible ou pas en fonction de la difficult\u00e9 du travail demand\u00e9.,<\/p>\n<p>on est sur un g\u00e2teau de 90 pers , les fleurs en sucre demande beaucoup de travail, nous travaillons plus avec de vrai fleurs qui n&rsquo;alt\u00e8re pas le gout du g\u00e2teau,<\/p>\n","protected":false},"excerpt":{"rendered":"<p>ici sur 5 \u00e9tage , d\u00e9corer avec une pr\u00e9sentation de fleurs tout en pastillage, les g\u00e2teau am\u00e9ricain sont d\u00e9corer \u00e0 la demande du client en fonction de la possibilit\u00e9 de r\u00e9alisation, les clients souvent apporte une photo, et ensuite je vous confirme si cela est possible ou pas en fonction de la difficult\u00e9 du travail [&hellip;]<\/p>\n","protected":false},"featured_media":1251,"template":"","meta":[],"product_cat":[17,27],"product_tag":[],"_links":{"self":[{"href":"https:\/\/pascalnoppe.com\/index.php\/wp-json\/wp\/v2\/product\/1221"}],"collection":[{"href":"https:\/\/pascalnoppe.com\/index.php\/wp-json\/wp\/v2\/product"}],"about":[{"href":"https:\/\/pascalnoppe.com\/index.php\/wp-json\/wp\/v2\/types\/product"}],"version-history":[{"count":2,"href":"https:\/\/pascalnoppe.com\/index.php\/wp-json\/wp\/v2\/product\/1221\/revisions"}],"predecessor-version":[{"id":1890,"href":"https:\/\/pascalnoppe.com\/index.php\/wp-json\/wp\/v2\/product\/1221\/revisions\/1890"}],"wp:featuredmedia":[{"embeddable":true,"href":"https:\/\/pascalnoppe.com\/index.php\/wp-json\/wp\/v2\/media\/1251"}],"wp:attachment":[{"href":"https:\/\/pascalnoppe.com\/index.php\/wp-json\/wp\/v2\/media?parent=1221"}],"wp:term":[{"taxonomy":"product_cat","embeddable":true,"href":"https:\/\/pascalnoppe.com\/index.php\/wp-json\/wp\/v2\/product_cat?post=1221"},{"taxonomy":"product_tag","embeddable":true,"href":"https:\/\/pascalnoppe.com\/index.php\/wp-json\/wp\/v2\/product_tag?post=1221"}],"curies":[{"name":"wp","href":"https:\/\/api.w.org\/{rel}","templated":true}]}}