{"id":1219,"date":"2021-05-23T11:40:19","date_gmt":"2021-05-23T09:40:19","guid":{"rendered":"http:\/\/pascalnoppe.com\/?post_type=product&#038;p=1219"},"modified":"2021-06-23T14:10:36","modified_gmt":"2021-06-23T12:10:36","slug":"gateau-style-americain","status":"publish","type":"product","link":"https:\/\/pascalnoppe.com\/index.php\/produit\/gateau-style-americain\/","title":{"rendered":"G\u00e2teau style am\u00e9ricain"},"content":{"rendered":"<p>G\u00e2teau style am\u00e9ricain, ici sur 5 \u00e9tage pour environ 70 \u00e0 80 pers, d\u00e9corer avec de vrai roses rouges, d\u00e9coration tr\u00e8s sobre, garniture de cr\u00e8me mousseline \u00e0 la vanille, g\u00e9noise blanche imbib\u00e9 sirop vanille, garni avec des fraises et des framboises, recouvert de p\u00e2te \u00e0 sucre,<\/p>\n<p>la p\u00e2te \u00e0 sucre repr\u00e9sente une fine couche , donc n&rsquo;alt\u00e8re pas le gout du g\u00e2teau , et ne le sucre pas beaucoup plus , le montage se r\u00e9alise avec quelques support cach\u00e9s ,<\/p>\n<p>la g\u00e9noise doit \u00eatre imbib\u00e9 correctement , mais pas trop non plus ,la cr\u00e8me et les fraises et framboises font le reste, c&rsquo;est ce qui donne toute sa splendeur au g\u00e2teau,<\/p>\n","protected":false},"excerpt":{"rendered":"<p>G\u00e2teau style am\u00e9ricain, ici sur 5 \u00e9tage pour environ 70 \u00e0 80 pers, d\u00e9corer avec de vrai roses rouges, d\u00e9coration tr\u00e8s sobre, garniture de cr\u00e8me mousseline \u00e0 la vanille, g\u00e9noise blanche imbib\u00e9 sirop vanille, garni avec des fraises et des framboises, recouvert de p\u00e2te \u00e0 sucre, la p\u00e2te \u00e0 sucre repr\u00e9sente une fine couche , [&hellip;]<\/p>\n","protected":false},"featured_media":1249,"template":"","meta":[],"product_cat":[17,27],"product_tag":[],"_links":{"self":[{"href":"https:\/\/pascalnoppe.com\/index.php\/wp-json\/wp\/v2\/product\/1219"}],"collection":[{"href":"https:\/\/pascalnoppe.com\/index.php\/wp-json\/wp\/v2\/product"}],"about":[{"href":"https:\/\/pascalnoppe.com\/index.php\/wp-json\/wp\/v2\/types\/product"}],"version-history":[{"count":2,"href":"https:\/\/pascalnoppe.com\/index.php\/wp-json\/wp\/v2\/product\/1219\/revisions"}],"predecessor-version":[{"id":1886,"href":"https:\/\/pascalnoppe.com\/index.php\/wp-json\/wp\/v2\/product\/1219\/revisions\/1886"}],"wp:featuredmedia":[{"embeddable":true,"href":"https:\/\/pascalnoppe.com\/index.php\/wp-json\/wp\/v2\/media\/1249"}],"wp:attachment":[{"href":"https:\/\/pascalnoppe.com\/index.php\/wp-json\/wp\/v2\/media?parent=1219"}],"wp:term":[{"taxonomy":"product_cat","embeddable":true,"href":"https:\/\/pascalnoppe.com\/index.php\/wp-json\/wp\/v2\/product_cat?post=1219"},{"taxonomy":"product_tag","embeddable":true,"href":"https:\/\/pascalnoppe.com\/index.php\/wp-json\/wp\/v2\/product_tag?post=1219"}],"curies":[{"name":"wp","href":"https:\/\/api.w.org\/{rel}","templated":true}]}}