{"id":1218,"date":"2021-05-23T11:40:19","date_gmt":"2021-05-23T09:40:19","guid":{"rendered":"http:\/\/pascalnoppe.com\/?post_type=product&#038;p=1218"},"modified":"2021-06-23T14:06:13","modified_gmt":"2021-06-23T12:06:13","slug":"le-sensation-fraise-et-pistache","status":"publish","type":"product","link":"https:\/\/pascalnoppe.com\/index.php\/produit\/le-sensation-fraise-et-pistache\/","title":{"rendered":"le sensation fraise et pistache"},"content":{"rendered":"<p>le sensation fraise et pistache ici r\u00e9alis\u00e9 pour l&rsquo;anniversaire de Kenji, dessin fait \u00e0 la main au cornet et color\u00e9 \u00e0 l&rsquo;a\u00e9rographe,<\/p>\n<p>un croquant de pistache, un cr\u00e9meux de fraises tagada et des fraises confites , une mousse de semoule , du biscuit aux amandes , un d\u00e9lice , \u00e0 d\u00e9guster entre Amis ,<\/p>\n<p>&nbsp;<\/p>\n","protected":false},"excerpt":{"rendered":"<p>le sensation fraise et pistache ici r\u00e9alis\u00e9 pour l&rsquo;anniversaire de Kenji, dessin fait \u00e0 la main au cornet et color\u00e9 \u00e0 l&rsquo;a\u00e9rographe, un croquant de pistache, un cr\u00e9meux de fraises tagada et des fraises confites , une mousse de semoule , du biscuit aux amandes , un d\u00e9lice , \u00e0 d\u00e9guster entre Amis , &nbsp;<\/p>\n","protected":false},"featured_media":1248,"template":"","meta":[],"product_cat":[17,27],"product_tag":[],"_links":{"self":[{"href":"https:\/\/pascalnoppe.com\/index.php\/wp-json\/wp\/v2\/product\/1218"}],"collection":[{"href":"https:\/\/pascalnoppe.com\/index.php\/wp-json\/wp\/v2\/product"}],"about":[{"href":"https:\/\/pascalnoppe.com\/index.php\/wp-json\/wp\/v2\/types\/product"}],"version-history":[{"count":2,"href":"https:\/\/pascalnoppe.com\/index.php\/wp-json\/wp\/v2\/product\/1218\/revisions"}],"predecessor-version":[{"id":1884,"href":"https:\/\/pascalnoppe.com\/index.php\/wp-json\/wp\/v2\/product\/1218\/revisions\/1884"}],"wp:featuredmedia":[{"embeddable":true,"href":"https:\/\/pascalnoppe.com\/index.php\/wp-json\/wp\/v2\/media\/1248"}],"wp:attachment":[{"href":"https:\/\/pascalnoppe.com\/index.php\/wp-json\/wp\/v2\/media?parent=1218"}],"wp:term":[{"taxonomy":"product_cat","embeddable":true,"href":"https:\/\/pascalnoppe.com\/index.php\/wp-json\/wp\/v2\/product_cat?post=1218"},{"taxonomy":"product_tag","embeddable":true,"href":"https:\/\/pascalnoppe.com\/index.php\/wp-json\/wp\/v2\/product_tag?post=1218"}],"curies":[{"name":"wp","href":"https:\/\/api.w.org\/{rel}","templated":true}]}}