{"id":1217,"date":"2021-05-23T11:40:19","date_gmt":"2021-05-23T09:40:19","guid":{"rendered":"http:\/\/pascalnoppe.com\/?post_type=product&#038;p=1217"},"modified":"2021-06-23T14:04:08","modified_gmt":"2021-06-23T12:04:08","slug":"le-nid-de-paques","status":"publish","type":"product","link":"https:\/\/pascalnoppe.com\/index.php\/produit\/le-nid-de-paques\/","title":{"rendered":"Le Nid de P\u00e2ques"},"content":{"rendered":"<p>Cette ann\u00e9e 2014 , le tentation citron et gianduja, croquant de gianduja, cr\u00e8me de citron, mousse au chocolat gianduja, biscuit dacquoise \u00e0 la noisette, gla\u00e7age chocolat au lait, d\u00e9cor de P\u00e2ques,<\/p>\n<p>un petit cot\u00e9 acidul\u00e9 avec le chocolat gianduja , et du croquant,<\/p>\n<p>ici avec un grand Poussin tout en chocolat, pulv\u00e9rise de chocolat color\u00e9 , un moment magique pour P\u00e2ques,<\/p>\n","protected":false},"excerpt":{"rendered":"<p>Cette ann\u00e9e 2014 , le tentation citron et gianduja, croquant de gianduja, cr\u00e8me de citron, mousse au chocolat gianduja, biscuit dacquoise \u00e0 la noisette, gla\u00e7age chocolat au lait, d\u00e9cor de P\u00e2ques, un petit cot\u00e9 acidul\u00e9 avec le chocolat gianduja , et du croquant, ici avec un grand Poussin tout en chocolat, pulv\u00e9rise de chocolat color\u00e9 [&hellip;]<\/p>\n","protected":false},"featured_media":1247,"template":"","meta":[],"product_cat":[17,27],"product_tag":[],"_links":{"self":[{"href":"https:\/\/pascalnoppe.com\/index.php\/wp-json\/wp\/v2\/product\/1217"}],"collection":[{"href":"https:\/\/pascalnoppe.com\/index.php\/wp-json\/wp\/v2\/product"}],"about":[{"href":"https:\/\/pascalnoppe.com\/index.php\/wp-json\/wp\/v2\/types\/product"}],"version-history":[{"count":2,"href":"https:\/\/pascalnoppe.com\/index.php\/wp-json\/wp\/v2\/product\/1217\/revisions"}],"predecessor-version":[{"id":1882,"href":"https:\/\/pascalnoppe.com\/index.php\/wp-json\/wp\/v2\/product\/1217\/revisions\/1882"}],"wp:featuredmedia":[{"embeddable":true,"href":"https:\/\/pascalnoppe.com\/index.php\/wp-json\/wp\/v2\/media\/1247"}],"wp:attachment":[{"href":"https:\/\/pascalnoppe.com\/index.php\/wp-json\/wp\/v2\/media?parent=1217"}],"wp:term":[{"taxonomy":"product_cat","embeddable":true,"href":"https:\/\/pascalnoppe.com\/index.php\/wp-json\/wp\/v2\/product_cat?post=1217"},{"taxonomy":"product_tag","embeddable":true,"href":"https:\/\/pascalnoppe.com\/index.php\/wp-json\/wp\/v2\/product_tag?post=1217"}],"curies":[{"name":"wp","href":"https:\/\/api.w.org\/{rel}","templated":true}]}}