{"id":1215,"date":"2021-05-23T11:40:18","date_gmt":"2021-05-23T09:40:18","guid":{"rendered":"http:\/\/pascalnoppe.com\/?post_type=product&#038;p=1215"},"modified":"2021-06-25T20:56:14","modified_gmt":"2021-06-25T18:56:14","slug":"piece-montee-avec-teddy-bear","status":"publish","type":"product","link":"https:\/\/pascalnoppe.com\/index.php\/produit\/piece-montee-avec-teddy-bear\/","title":{"rendered":"Pi\u00e8ce mont\u00e9e avec Teddy bear"},"content":{"rendered":"<p>Pi\u00e8ce mont\u00e9e sur 2 \u00e9tages, avec Teddy Bear en d\u00e9coration sur Pastillage , choux garni cr\u00e8me p\u00e2tissi\u00e8re au Grand-Marnier.<\/p>\n<p>pour un bapt\u00eame, c&rsquo;\u00e9tait int\u00e9ressant d&rsquo;ajouter du pastillage sur une pi\u00e8ce mont\u00e9e tout en gardant un cot\u00e9 sympa et attractif,<\/p>\n","protected":false},"excerpt":{"rendered":"<p>Pi\u00e8ce mont\u00e9e sur 2 \u00e9tages, avec Teddy Bear en d\u00e9coration sur Pastillage , choux garni cr\u00e8me p\u00e2tissi\u00e8re au Grand-Marnier. pour un bapt\u00eame, c&rsquo;\u00e9tait int\u00e9ressant d&rsquo;ajouter du pastillage sur une pi\u00e8ce mont\u00e9e tout en gardant un cot\u00e9 sympa et attractif,<\/p>\n","protected":false},"featured_media":1245,"template":"","meta":[],"product_cat":[17,27],"product_tag":[],"_links":{"self":[{"href":"https:\/\/pascalnoppe.com\/index.php\/wp-json\/wp\/v2\/product\/1215"}],"collection":[{"href":"https:\/\/pascalnoppe.com\/index.php\/wp-json\/wp\/v2\/product"}],"about":[{"href":"https:\/\/pascalnoppe.com\/index.php\/wp-json\/wp\/v2\/types\/product"}],"version-history":[{"count":2,"href":"https:\/\/pascalnoppe.com\/index.php\/wp-json\/wp\/v2\/product\/1215\/revisions"}],"predecessor-version":[{"id":1907,"href":"https:\/\/pascalnoppe.com\/index.php\/wp-json\/wp\/v2\/product\/1215\/revisions\/1907"}],"wp:featuredmedia":[{"embeddable":true,"href":"https:\/\/pascalnoppe.com\/index.php\/wp-json\/wp\/v2\/media\/1245"}],"wp:attachment":[{"href":"https:\/\/pascalnoppe.com\/index.php\/wp-json\/wp\/v2\/media?parent=1215"}],"wp:term":[{"taxonomy":"product_cat","embeddable":true,"href":"https:\/\/pascalnoppe.com\/index.php\/wp-json\/wp\/v2\/product_cat?post=1215"},{"taxonomy":"product_tag","embeddable":true,"href":"https:\/\/pascalnoppe.com\/index.php\/wp-json\/wp\/v2\/product_tag?post=1215"}],"curies":[{"name":"wp","href":"https:\/\/api.w.org\/{rel}","templated":true}]}}