{"id":1214,"date":"2021-05-23T11:40:18","date_gmt":"2021-05-23T09:40:18","guid":{"rendered":"http:\/\/pascalnoppe.com\/?post_type=product&#038;p=1214"},"modified":"2021-06-25T20:53:52","modified_gmt":"2021-06-25T18:53:52","slug":"le-fondant-chocolat-noir","status":"publish","type":"product","link":"https:\/\/pascalnoppe.com\/index.php\/produit\/le-fondant-chocolat-noir\/","title":{"rendered":"Le Fondant chocolat Noir"},"content":{"rendered":"<p>Fondant chocolat noir , cr\u00e9meux et fondant, excellence chocolat noir, pour 16 pers,<\/p>\n<p>des fois certains clients ont peur que le chocolat soit trop lourd ou trop fort en gout , non il faut oser gouter , chaque entremet au chocolat est r\u00e9aliser avec une l\u00e9g\u00e8ret\u00e9 dans le chocolat qui sera vous sublimer, chaque entremet \u00e0 son originalit\u00e9 , et sera vous faire plaisir , essayer.<\/p>\n","protected":false},"excerpt":{"rendered":"<p>Fondant chocolat noir , cr\u00e9meux et fondant, excellence chocolat noir, pour 16 pers, des fois certains clients ont peur que le chocolat soit trop lourd ou trop fort en gout , non il faut oser gouter , chaque entremet au chocolat est r\u00e9aliser avec une l\u00e9g\u00e8ret\u00e9 dans le chocolat qui sera vous sublimer, chaque entremet [&hellip;]<\/p>\n","protected":false},"featured_media":1244,"template":"","meta":[],"product_cat":[17,27],"product_tag":[],"_links":{"self":[{"href":"https:\/\/pascalnoppe.com\/index.php\/wp-json\/wp\/v2\/product\/1214"}],"collection":[{"href":"https:\/\/pascalnoppe.com\/index.php\/wp-json\/wp\/v2\/product"}],"about":[{"href":"https:\/\/pascalnoppe.com\/index.php\/wp-json\/wp\/v2\/types\/product"}],"version-history":[{"count":2,"href":"https:\/\/pascalnoppe.com\/index.php\/wp-json\/wp\/v2\/product\/1214\/revisions"}],"predecessor-version":[{"id":1905,"href":"https:\/\/pascalnoppe.com\/index.php\/wp-json\/wp\/v2\/product\/1214\/revisions\/1905"}],"wp:featuredmedia":[{"embeddable":true,"href":"https:\/\/pascalnoppe.com\/index.php\/wp-json\/wp\/v2\/media\/1244"}],"wp:attachment":[{"href":"https:\/\/pascalnoppe.com\/index.php\/wp-json\/wp\/v2\/media?parent=1214"}],"wp:term":[{"taxonomy":"product_cat","embeddable":true,"href":"https:\/\/pascalnoppe.com\/index.php\/wp-json\/wp\/v2\/product_cat?post=1214"},{"taxonomy":"product_tag","embeddable":true,"href":"https:\/\/pascalnoppe.com\/index.php\/wp-json\/wp\/v2\/product_tag?post=1214"}],"curies":[{"name":"wp","href":"https:\/\/api.w.org\/{rel}","templated":true}]}}