{"id":1213,"date":"2021-05-23T11:40:18","date_gmt":"2021-05-23T09:40:18","guid":{"rendered":"http:\/\/pascalnoppe.com\/?post_type=product&#038;p=1213"},"modified":"2021-06-25T20:50:00","modified_gmt":"2021-06-25T18:50:00","slug":"winnie-the-pooh","status":"publish","type":"product","link":"https:\/\/pascalnoppe.com\/index.php\/produit\/winnie-the-pooh\/","title":{"rendered":"Winnie the Pooh"},"content":{"rendered":"<p>Cartoon cake, ici r\u00e9aliser pour 16 pers, sur un Sensation sp\u00e9culos.<\/p>\n<p>le sensation sp\u00e9culos, est un caramel de framboise, avec un croquant de pralin\u00e9, un biscuit au chocolat et une mousse de sp\u00e9culos, un d\u00e9lice , qui reviendra au Menu ,<\/p>\n","protected":false},"excerpt":{"rendered":"<p>Cartoon cake, ici r\u00e9aliser pour 16 pers, sur un Sensation sp\u00e9culos. le sensation sp\u00e9culos, est un caramel de framboise, avec un croquant de pralin\u00e9, un biscuit au chocolat et une mousse de sp\u00e9culos, un d\u00e9lice , qui reviendra au Menu ,<\/p>\n","protected":false},"featured_media":1243,"template":"","meta":[],"product_cat":[17,27],"product_tag":[],"_links":{"self":[{"href":"https:\/\/pascalnoppe.com\/index.php\/wp-json\/wp\/v2\/product\/1213"}],"collection":[{"href":"https:\/\/pascalnoppe.com\/index.php\/wp-json\/wp\/v2\/product"}],"about":[{"href":"https:\/\/pascalnoppe.com\/index.php\/wp-json\/wp\/v2\/types\/product"}],"version-history":[{"count":2,"href":"https:\/\/pascalnoppe.com\/index.php\/wp-json\/wp\/v2\/product\/1213\/revisions"}],"predecessor-version":[{"id":1903,"href":"https:\/\/pascalnoppe.com\/index.php\/wp-json\/wp\/v2\/product\/1213\/revisions\/1903"}],"wp:featuredmedia":[{"embeddable":true,"href":"https:\/\/pascalnoppe.com\/index.php\/wp-json\/wp\/v2\/media\/1243"}],"wp:attachment":[{"href":"https:\/\/pascalnoppe.com\/index.php\/wp-json\/wp\/v2\/media?parent=1213"}],"wp:term":[{"taxonomy":"product_cat","embeddable":true,"href":"https:\/\/pascalnoppe.com\/index.php\/wp-json\/wp\/v2\/product_cat?post=1213"},{"taxonomy":"product_tag","embeddable":true,"href":"https:\/\/pascalnoppe.com\/index.php\/wp-json\/wp\/v2\/product_tag?post=1213"}],"curies":[{"name":"wp","href":"https:\/\/api.w.org\/{rel}","templated":true}]}}