{"id":1212,"date":"2021-05-23T11:40:18","date_gmt":"2021-05-23T09:40:18","guid":{"rendered":"http:\/\/pascalnoppe.com\/?post_type=product&#038;p=1212"},"modified":"2021-06-25T20:47:51","modified_gmt":"2021-06-25T18:47:51","slug":"gateau-de-mariage-7","status":"publish","type":"product","link":"https:\/\/pascalnoppe.com\/index.php\/produit\/gateau-de-mariage-7\/","title":{"rendered":"G\u00e2teau de Mariage"},"content":{"rendered":"<p>style Am\u00e9ricain, avec l&#8217;empire state building r\u00e9aliser ici \u00e0 l&rsquo;occasion en pastillage, G\u00e2teau de mariage pour 20 pers.<\/p>\n<p>l&#8217;empire state building est r\u00e9aliser en pastillage, cela un temps de fabrication qui n\u00e9cessite le temps de r\u00e9aliser les croquis pour la d\u00e9coupe du pastillage et le temps de s\u00e9chage avant le montage et le coloriage, c&rsquo;est pour cela qu&rsquo;il est important de nous en parler au moins 1 Mois\u00a0 \u00e0 l&rsquo;avance pour des demandes particuli\u00e8res , pour r\u00e9pondre \u00e0 vos demande ,<\/p>\n","protected":false},"excerpt":{"rendered":"<p>style Am\u00e9ricain, avec l&#8217;empire state building r\u00e9aliser ici \u00e0 l&rsquo;occasion en pastillage, G\u00e2teau de mariage pour 20 pers. l&#8217;empire state building est r\u00e9aliser en pastillage, cela un temps de fabrication qui n\u00e9cessite le temps de r\u00e9aliser les croquis pour la d\u00e9coupe du pastillage et le temps de s\u00e9chage avant le montage et le coloriage, c&rsquo;est [&hellip;]<\/p>\n","protected":false},"featured_media":1242,"template":"","meta":[],"product_cat":[17,27],"product_tag":[],"_links":{"self":[{"href":"https:\/\/pascalnoppe.com\/index.php\/wp-json\/wp\/v2\/product\/1212"}],"collection":[{"href":"https:\/\/pascalnoppe.com\/index.php\/wp-json\/wp\/v2\/product"}],"about":[{"href":"https:\/\/pascalnoppe.com\/index.php\/wp-json\/wp\/v2\/types\/product"}],"version-history":[{"count":2,"href":"https:\/\/pascalnoppe.com\/index.php\/wp-json\/wp\/v2\/product\/1212\/revisions"}],"predecessor-version":[{"id":1901,"href":"https:\/\/pascalnoppe.com\/index.php\/wp-json\/wp\/v2\/product\/1212\/revisions\/1901"}],"wp:featuredmedia":[{"embeddable":true,"href":"https:\/\/pascalnoppe.com\/index.php\/wp-json\/wp\/v2\/media\/1242"}],"wp:attachment":[{"href":"https:\/\/pascalnoppe.com\/index.php\/wp-json\/wp\/v2\/media?parent=1212"}],"wp:term":[{"taxonomy":"product_cat","embeddable":true,"href":"https:\/\/pascalnoppe.com\/index.php\/wp-json\/wp\/v2\/product_cat?post=1212"},{"taxonomy":"product_tag","embeddable":true,"href":"https:\/\/pascalnoppe.com\/index.php\/wp-json\/wp\/v2\/product_tag?post=1212"}],"curies":[{"name":"wp","href":"https:\/\/api.w.org\/{rel}","templated":true}]}}