{"id":1211,"date":"2021-05-23T11:40:18","date_gmt":"2021-05-23T09:40:18","guid":{"rendered":"http:\/\/pascalnoppe.com\/?post_type=product&#038;p=1211"},"modified":"2021-06-25T20:42:51","modified_gmt":"2021-06-25T18:42:51","slug":"petit-dejeuner","status":"publish","type":"product","link":"https:\/\/pascalnoppe.com\/index.php\/produit\/petit-dejeuner\/","title":{"rendered":"Petit D\u00e9jeuner"},"content":{"rendered":"<p>Petit d\u00e9jeuner Royal, mini viennoiseries s\u00e9lection, confiture maison, salade de fruits exotique, Jus de fruits et smoothies maison, Muffins et financier, Caf\u00e9 et th\u00e9 et chocolat chaud maison.<\/p>\n<p>de temps \u00e0 autre , on peut faires des petits d\u00e9jeuners pour des entreprises, des petits cocktails froid , ou autres prestations , pour les sapins de Noel des entreprises ,<\/p>\n<p>on peut \u00e9galement vous proposer un Ma\u00eetre d&rsquo;h\u00f4tel pour le service,<\/p>\n","protected":false},"excerpt":{"rendered":"<p>Petit d\u00e9jeuner Royal, mini viennoiseries s\u00e9lection, confiture maison, salade de fruits exotique, Jus de fruits et smoothies maison, Muffins et financier, Caf\u00e9 et th\u00e9 et chocolat chaud maison. de temps \u00e0 autre , on peut faires des petits d\u00e9jeuners pour des entreprises, des petits cocktails froid , ou autres prestations , pour les sapins de [&hellip;]<\/p>\n","protected":false},"featured_media":1241,"template":"","meta":[],"product_cat":[17,27],"product_tag":[],"_links":{"self":[{"href":"https:\/\/pascalnoppe.com\/index.php\/wp-json\/wp\/v2\/product\/1211"}],"collection":[{"href":"https:\/\/pascalnoppe.com\/index.php\/wp-json\/wp\/v2\/product"}],"about":[{"href":"https:\/\/pascalnoppe.com\/index.php\/wp-json\/wp\/v2\/types\/product"}],"version-history":[{"count":2,"href":"https:\/\/pascalnoppe.com\/index.php\/wp-json\/wp\/v2\/product\/1211\/revisions"}],"predecessor-version":[{"id":1899,"href":"https:\/\/pascalnoppe.com\/index.php\/wp-json\/wp\/v2\/product\/1211\/revisions\/1899"}],"wp:featuredmedia":[{"embeddable":true,"href":"https:\/\/pascalnoppe.com\/index.php\/wp-json\/wp\/v2\/media\/1241"}],"wp:attachment":[{"href":"https:\/\/pascalnoppe.com\/index.php\/wp-json\/wp\/v2\/media?parent=1211"}],"wp:term":[{"taxonomy":"product_cat","embeddable":true,"href":"https:\/\/pascalnoppe.com\/index.php\/wp-json\/wp\/v2\/product_cat?post=1211"},{"taxonomy":"product_tag","embeddable":true,"href":"https:\/\/pascalnoppe.com\/index.php\/wp-json\/wp\/v2\/product_tag?post=1211"}],"curies":[{"name":"wp","href":"https:\/\/api.w.org\/{rel}","templated":true}]}}