{"id":1210,"date":"2021-05-23T11:40:18","date_gmt":"2021-05-23T09:40:18","guid":{"rendered":"http:\/\/pascalnoppe.com\/?post_type=product&#038;p=1210"},"modified":"2021-06-25T20:39:49","modified_gmt":"2021-06-25T18:39:49","slug":"tom-and-jerry-2","status":"publish","type":"product","link":"https:\/\/pascalnoppe.com\/index.php\/produit\/tom-and-jerry-2\/","title":{"rendered":"Tom and Jerry"},"content":{"rendered":"<p>dessiner \u00e0 la main sur une p\u00e2te \u00e0 sucre, colorier \u00e0 l&rsquo;a\u00e9rographe, Tom est pr\u00eat \u00e0 \u00eatre d\u00e9poser sur l&rsquo;entremet de commande, \u00a0Un moment unique pour les enfants.<\/p>\n<p>J&rsquo;adore dessin\u00e9 les personnages de cartoons , les mettre en couleur \u00e0 l&rsquo;a\u00e9rographe, on a beau en faire beaucoup , chaque r\u00e9alisation est toujours unique,<\/p>\n","protected":false},"excerpt":{"rendered":"<p>dessiner \u00e0 la main sur une p\u00e2te \u00e0 sucre, colorier \u00e0 l&rsquo;a\u00e9rographe, Tom est pr\u00eat \u00e0 \u00eatre d\u00e9poser sur l&rsquo;entremet de commande, \u00a0Un moment unique pour les enfants. J&rsquo;adore dessin\u00e9 les personnages de cartoons , les mettre en couleur \u00e0 l&rsquo;a\u00e9rographe, on a beau en faire beaucoup , chaque r\u00e9alisation est toujours unique,<\/p>\n","protected":false},"featured_media":1240,"template":"","meta":[],"product_cat":[17,27],"product_tag":[],"_links":{"self":[{"href":"https:\/\/pascalnoppe.com\/index.php\/wp-json\/wp\/v2\/product\/1210"}],"collection":[{"href":"https:\/\/pascalnoppe.com\/index.php\/wp-json\/wp\/v2\/product"}],"about":[{"href":"https:\/\/pascalnoppe.com\/index.php\/wp-json\/wp\/v2\/types\/product"}],"version-history":[{"count":2,"href":"https:\/\/pascalnoppe.com\/index.php\/wp-json\/wp\/v2\/product\/1210\/revisions"}],"predecessor-version":[{"id":1897,"href":"https:\/\/pascalnoppe.com\/index.php\/wp-json\/wp\/v2\/product\/1210\/revisions\/1897"}],"wp:featuredmedia":[{"embeddable":true,"href":"https:\/\/pascalnoppe.com\/index.php\/wp-json\/wp\/v2\/media\/1240"}],"wp:attachment":[{"href":"https:\/\/pascalnoppe.com\/index.php\/wp-json\/wp\/v2\/media?parent=1210"}],"wp:term":[{"taxonomy":"product_cat","embeddable":true,"href":"https:\/\/pascalnoppe.com\/index.php\/wp-json\/wp\/v2\/product_cat?post=1210"},{"taxonomy":"product_tag","embeddable":true,"href":"https:\/\/pascalnoppe.com\/index.php\/wp-json\/wp\/v2\/product_tag?post=1210"}],"curies":[{"name":"wp","href":"https:\/\/api.w.org\/{rel}","templated":true}]}}