{"id":1208,"date":"2021-05-23T11:40:18","date_gmt":"2021-05-23T09:40:18","guid":{"rendered":"http:\/\/pascalnoppe.com\/?post_type=product&#038;p=1208"},"modified":"2021-05-23T11:40:26","modified_gmt":"2021-05-23T09:40:26","slug":"piece-de-prestige","status":"publish","type":"product","link":"https:\/\/pascalnoppe.com\/index.php\/produit\/piece-de-prestige\/","title":{"rendered":"Pi\u00e8ce de prestige"},"content":{"rendered":"<p>le soir, livraison et assemblage de la pi\u00e8ce devant le client, et le moment de la photo ou tous les invit\u00e9s flash sur la pi\u00e8ce avec les Mari\u00e9s \u00e0 cot\u00e9.un moment inoubliable&#8230;<\/p>\n","protected":false},"excerpt":{"rendered":"<p>le soir, livraison et assemblage de la pi\u00e8ce devant le client, et le moment de la photo ou tous les invit\u00e9s flash sur la pi\u00e8ce avec les Mari\u00e9s \u00e0 cot\u00e9.un moment inoubliable&#8230;<\/p>\n","protected":false},"featured_media":1238,"template":"","meta":[],"product_cat":[17,27],"product_tag":[],"_links":{"self":[{"href":"https:\/\/pascalnoppe.com\/index.php\/wp-json\/wp\/v2\/product\/1208"}],"collection":[{"href":"https:\/\/pascalnoppe.com\/index.php\/wp-json\/wp\/v2\/product"}],"about":[{"href":"https:\/\/pascalnoppe.com\/index.php\/wp-json\/wp\/v2\/types\/product"}],"version-history":[{"count":0,"href":"https:\/\/pascalnoppe.com\/index.php\/wp-json\/wp\/v2\/product\/1208\/revisions"}],"wp:featuredmedia":[{"embeddable":true,"href":"https:\/\/pascalnoppe.com\/index.php\/wp-json\/wp\/v2\/media\/1238"}],"wp:attachment":[{"href":"https:\/\/pascalnoppe.com\/index.php\/wp-json\/wp\/v2\/media?parent=1208"}],"wp:term":[{"taxonomy":"product_cat","embeddable":true,"href":"https:\/\/pascalnoppe.com\/index.php\/wp-json\/wp\/v2\/product_cat?post=1208"},{"taxonomy":"product_tag","embeddable":true,"href":"https:\/\/pascalnoppe.com\/index.php\/wp-json\/wp\/v2\/product_tag?post=1208"}],"curies":[{"name":"wp","href":"https:\/\/api.w.org\/{rel}","templated":true}]}}