{"id":1207,"date":"2021-05-23T11:40:18","date_gmt":"2021-05-23T09:40:18","guid":{"rendered":"http:\/\/pascalnoppe.com\/?post_type=product&#038;p=1207"},"modified":"2021-06-26T20:58:27","modified_gmt":"2021-06-26T18:58:27","slug":"bebe-photo","status":"publish","type":"product","link":"https:\/\/pascalnoppe.com\/index.php\/produit\/bebe-photo\/","title":{"rendered":"B\u00e9b\u00e9 photo"},"content":{"rendered":"<p>r\u00e9aliser sur un g\u00e2teau framboisier, avec la photo de b\u00e9b\u00e9 dessin\u00e9 \u00e0 la main, toujours \u00e0 Duba\u00ef.<\/p>\n<p>Une belle r\u00e9alisation, Que de bons souvenirs,<\/p>\n","protected":false},"excerpt":{"rendered":"<p>r\u00e9aliser sur un g\u00e2teau framboisier, avec la photo de b\u00e9b\u00e9 dessin\u00e9 \u00e0 la main, toujours \u00e0 Duba\u00ef. Une belle r\u00e9alisation, Que de bons souvenirs,<\/p>\n","protected":false},"featured_media":1237,"template":"","meta":[],"product_cat":[17,27],"product_tag":[],"_links":{"self":[{"href":"https:\/\/pascalnoppe.com\/index.php\/wp-json\/wp\/v2\/product\/1207"}],"collection":[{"href":"https:\/\/pascalnoppe.com\/index.php\/wp-json\/wp\/v2\/product"}],"about":[{"href":"https:\/\/pascalnoppe.com\/index.php\/wp-json\/wp\/v2\/types\/product"}],"version-history":[{"count":2,"href":"https:\/\/pascalnoppe.com\/index.php\/wp-json\/wp\/v2\/product\/1207\/revisions"}],"predecessor-version":[{"id":1956,"href":"https:\/\/pascalnoppe.com\/index.php\/wp-json\/wp\/v2\/product\/1207\/revisions\/1956"}],"wp:featuredmedia":[{"embeddable":true,"href":"https:\/\/pascalnoppe.com\/index.php\/wp-json\/wp\/v2\/media\/1237"}],"wp:attachment":[{"href":"https:\/\/pascalnoppe.com\/index.php\/wp-json\/wp\/v2\/media?parent=1207"}],"wp:term":[{"taxonomy":"product_cat","embeddable":true,"href":"https:\/\/pascalnoppe.com\/index.php\/wp-json\/wp\/v2\/product_cat?post=1207"},{"taxonomy":"product_tag","embeddable":true,"href":"https:\/\/pascalnoppe.com\/index.php\/wp-json\/wp\/v2\/product_tag?post=1207"}],"curies":[{"name":"wp","href":"https:\/\/api.w.org\/{rel}","templated":true}]}}