{"id":1205,"date":"2021-05-23T11:40:18","date_gmt":"2021-05-23T09:40:18","guid":{"rendered":"http:\/\/pascalnoppe.com\/?post_type=product&#038;p=1205"},"modified":"2021-06-25T21:00:42","modified_gmt":"2021-06-25T19:00:42","slug":"spiderman","status":"publish","type":"product","link":"https:\/\/pascalnoppe.com\/index.php\/produit\/spiderman\/","title":{"rendered":"Spiderman"},"content":{"rendered":"<p>r\u00e9aliser \u00e0 Duba\u00ef , toujours pour ce petit gar\u00e7on, qui appr\u00e9ciait beaucoup les belles choses \u2026<\/p>\n<p>Spiderman , dessiner \u00e0 la main , un Anniversaire magique et en couleur, et cela n&rsquo;alt\u00e8re pas le gout et la qualit\u00e9 de l&rsquo;entremet au chocolat , la p\u00e2te \u00e0 sucre reste tr\u00e8s peu sucr\u00e9 , car la couche est fine,<\/p>\n","protected":false},"excerpt":{"rendered":"<p>r\u00e9aliser \u00e0 Duba\u00ef , toujours pour ce petit gar\u00e7on, qui appr\u00e9ciait beaucoup les belles choses \u2026 Spiderman , dessiner \u00e0 la main , un Anniversaire magique et en couleur, et cela n&rsquo;alt\u00e8re pas le gout et la qualit\u00e9 de l&rsquo;entremet au chocolat , la p\u00e2te \u00e0 sucre reste tr\u00e8s peu sucr\u00e9 , car la couche [&hellip;]<\/p>\n","protected":false},"featured_media":1235,"template":"","meta":[],"product_cat":[17,27],"product_tag":[],"_links":{"self":[{"href":"https:\/\/pascalnoppe.com\/index.php\/wp-json\/wp\/v2\/product\/1205"}],"collection":[{"href":"https:\/\/pascalnoppe.com\/index.php\/wp-json\/wp\/v2\/product"}],"about":[{"href":"https:\/\/pascalnoppe.com\/index.php\/wp-json\/wp\/v2\/types\/product"}],"version-history":[{"count":3,"href":"https:\/\/pascalnoppe.com\/index.php\/wp-json\/wp\/v2\/product\/1205\/revisions"}],"predecessor-version":[{"id":1908,"href":"https:\/\/pascalnoppe.com\/index.php\/wp-json\/wp\/v2\/product\/1205\/revisions\/1908"}],"wp:featuredmedia":[{"embeddable":true,"href":"https:\/\/pascalnoppe.com\/index.php\/wp-json\/wp\/v2\/media\/1235"}],"wp:attachment":[{"href":"https:\/\/pascalnoppe.com\/index.php\/wp-json\/wp\/v2\/media?parent=1205"}],"wp:term":[{"taxonomy":"product_cat","embeddable":true,"href":"https:\/\/pascalnoppe.com\/index.php\/wp-json\/wp\/v2\/product_cat?post=1205"},{"taxonomy":"product_tag","embeddable":true,"href":"https:\/\/pascalnoppe.com\/index.php\/wp-json\/wp\/v2\/product_tag?post=1205"}],"curies":[{"name":"wp","href":"https:\/\/api.w.org\/{rel}","templated":true}]}}